{"id":790,"date":"2018-10-03T11:46:31","date_gmt":"2018-10-03T11:46:31","guid":{"rendered":"http:\/\/localhost\/www\/Mythemes\/modeling\/?page_id=790"},"modified":"2024-06-06T15:31:58","modified_gmt":"2024-06-06T19:31:58","slug":"about-us","status":"publish","type":"page","link":"https:\/\/jardinsdomainedecelles.com\/fr\/about-us\/","title":{"rendered":"A propos de nous"},"content":{"rendered":"<div data-elementor-type=\"wp-page\" data-elementor-id=\"790\" class=\"elementor elementor-790\">\n\t\t\t\t<div class=\"elementor-element elementor-element-1e6d6cd2 e-flex e-con-boxed e-con e-parent\" data-id=\"1e6d6cd2\" data-element_type=\"container\" data-e-type=\"container\">\n\t\t\t\t\t<div class=\"e-con-inner\">\n\t\t\t\t<div class=\"elementor-element elementor-element-2b0797ca elementor-widget elementor-widget-text-editor\" data-id=\"2b0797ca\" data-element_type=\"widget\" data-e-type=\"widget\" data-widget_type=\"text-editor.default\">\n\t\t\t\t<div class=\"elementor-widget-container\">\n\t\t\t\t\t\t\t\t\t<p><\/p>\n<p><strong>Bienvenue aux <i>Jardins Domaine Decelles<\/i>! Nous sommes des jardiniers passionn\u00e9s qui souhaitent partager leur amour du jardinage et promouvoir des pratiques durables.<\/strong><\/p>\n<p><\/p>\n<p><\/p>\n<h2 class=\"wp-block-heading\">Passion<\/h2>\n<p><\/p>\n<p><\/p>\n<p>Notre passion pour le jardinage a commenc\u00e9 par un simple amour des plantes et s'est transform\u00e9e en une v\u00e9ritable mission d'\u00e9ducation et d'inspiration pour faire d\u00e9couvrir aux autres les joies du jardinage. Notre domaine compte un nombre impressionnant de 47 jardins diff\u00e9rents, tous con\u00e7us et entretenus avec le plus grand soin et la plus grande attention aux d\u00e9tails.<\/p>\n<p><\/p>\n<p><\/p>\n<p>Nous pensons que le jardinage n'est pas seulement un passe-temps relaxant et enrichissant, mais aussi un moyen important d'entrer en contact avec le monde naturel et de promouvoir la durabilit\u00e9. C'est pourquoi nous offrons une vari\u00e9t\u00e9 de ressources et d'ateliers visant \u00e0 enseigner aux personnes de tous \u00e2ges et de tous niveaux comment jardiner d'une mani\u00e8re qui est \u00e0 la fois respectueuse de l'environnement et gratifiante.<\/p>\n<p><\/p>\n<p><\/p>\n<h2 class=\"wp-block-heading\">Localisation<\/h2>\n<p><\/p>\n<p><\/p>\n<p>Situ\u00e9 \u00e0 Lac Ste-Marie (\u00e0 seulement 50 minutes de route d'Ottawa\/Gatineau), notre Resort offre le cadre id\u00e9al pour explorer le jardinage et apprendre quelque chose de nouveau (h\u00e9bergement disponible sur place). Que vous soyez un jardinier exp\u00e9riment\u00e9 ou que vous commenciez \u00e0 peine, nous vous invitons \u00e0 venir d\u00e9couvrir la beaut\u00e9 et la tranquillit\u00e9 de nos jardins et \u00e0 en retirer des connaissances pr\u00e9cieuses sur les pratiques de jardinage durable.<\/p>\n<p><\/p>\n<p><\/p>\n<p>Venez nous rendre visite aux <i>Jardins Domaine Decelles<\/i>et laissez-nous vous aider \u00e0 cultiver votre passion pour le jardinage tout en ayant un impact positif sur l'environnement. Nous sommes impatients de partager notre enthousiasme et nos connaissances avec vous !<\/p>\n<p><\/p>\t\t\t\t\t\t\t\t<\/div>\n\t\t\t\t<\/div>\n\t\t\t\t\t<\/div>\n\t\t\t\t<\/div>\n\t\t\t\t<\/div>","protected":false},"excerpt":{"rendered":"<p>Welcome to Jardins Domaine Decelles! We are passionate gardeners dedicated to sharing our love of gardening and promoting sustainable practices. Passion Our passion for gardening started with a simple love for plants, and has since blossomed into a full-fledged mission to educate and inspire others to discover the joys of gardening. Our estate boasts an impressive 47 different gardens, each carefully designed and tended to with the utmost care and attention to detail. We believe that gardening is not only a relaxing and fulfilling hobby, but also an important way to connect with the natural world and promote sustainability. That&#8217;s&#8230; <\/p>","protected":false},"author":1,"featured_media":0,"parent":0,"menu_order":0,"comment_status":"closed","ping_status":"closed","template":"template-parts\/page-template-no-sidebar.php","meta":{"_eb_attr":"","_monsterinsights_skip_tracking":false,"_monsterinsights_sitenote_active":false,"_monsterinsights_sitenote_note":"","_monsterinsights_sitenote_category":0,"_price":"","_stock":"","_tribe_ticket_header":"","_tribe_default_ticket_provider":"","_ticket_start_date":"","_ticket_end_date":"","_tribe_ticket_show_description":"","_tribe_ticket_show_not_going":false,"_tribe_ticket_use_global_stock":"","_tribe_ticket_global_stock_level":"","_global_stock_mode":"","_global_stock_cap":"","_tribe_rsvp_for_event":"","_tribe_ticket_going_count":"","_tribe_ticket_not_going_count":"","_tribe_tickets_list":"[]","_tribe_ticket_has_attendee_info_fields":false,"_EventAllDay":false,"_EventTimezone":"","_EventStartDate":"","_EventEndDate":"","_EventStartDateUTC":"","_EventEndDateUTC":"","_EventShowMap":false,"_EventShowMapLink":false,"_EventURL":"","_EventCost":"","_EventCostDescription":"","_EventCurrencySymbol":"","_EventCurrencyCode":"","_EventCurrencyPosition":"","_EventDateTimeSeparator":"","_EventTimeRangeSeparator":"","_EventOrganizerID":[],"_EventVenueID":[],"_OrganizerEmail":"","_OrganizerPhone":"","_OrganizerWebsite":"","_VenueAddress":"","_VenueCity":"","_VenueCountry":"","_VenueProvince":"","_VenueState":"","_VenueZip":"","_VenuePhone":"","_VenueURL":"","_VenueStateProvince":"","_VenueLat":"","_VenueLng":"","_VenueShowMap":false,"_VenueShowMapLink":false,"footnotes":"","_tec_slr_enabled":"","_tec_slr_layout":""},"class_list":["post-790","page","type-page","status-publish","hentry"],"aioseo_notices":[],"ticketed":false,"_links":{"self":[{"href":"https:\/\/jardinsdomainedecelles.com\/fr\/wp-json\/wp\/v2\/pages\/790","targetHints":{"allow":["GET"]}}],"collection":[{"href":"https:\/\/jardinsdomainedecelles.com\/fr\/wp-json\/wp\/v2\/pages"}],"about":[{"href":"https:\/\/jardinsdomainedecelles.com\/fr\/wp-json\/wp\/v2\/types\/page"}],"author":[{"embeddable":true,"href":"https:\/\/jardinsdomainedecelles.com\/fr\/wp-json\/wp\/v2\/users\/1"}],"replies":[{"embeddable":true,"href":"https:\/\/jardinsdomainedecelles.com\/fr\/wp-json\/wp\/v2\/comments?post=790"}],"version-history":[{"count":22,"href":"https:\/\/jardinsdomainedecelles.com\/fr\/wp-json\/wp\/v2\/pages\/790\/revisions"}],"predecessor-version":[{"id":3599,"href":"https:\/\/jardinsdomainedecelles.com\/fr\/wp-json\/wp\/v2\/pages\/790\/revisions\/3599"}],"wp:attachment":[{"href":"https:\/\/jardinsdomainedecelles.com\/fr\/wp-json\/wp\/v2\/media?parent=790"}],"curies":[{"name":"wp","href":"https:\/\/api.w.org\/{rel}","templated":true}]}}