{"id":3753,"date":"2024-11-22T12:49:42","date_gmt":"2024-11-22T17:49:42","guid":{"rendered":"https:\/\/jardinsdomainedecelles.com\/?page_id=3753"},"modified":"2024-11-22T12:50:27","modified_gmt":"2024-11-22T17:50:27","slug":"past-events","status":"publish","type":"page","link":"https:\/\/jardinsdomainedecelles.com\/fr\/past-events\/","title":{"rendered":"\u00c9v\u00e8nements Pass\u00e9s"},"content":{"rendered":"<div data-elementor-type=\"wp-page\" data-elementor-id=\"3753\" class=\"elementor elementor-3753\">\n\t\t\t\t<div class=\"elementor-element elementor-element-1df43f4 e-flex e-con-boxed e-con e-parent\" data-id=\"1df43f4\" data-element_type=\"container\" data-e-type=\"container\">\n\t\t\t\t\t<div class=\"e-con-inner\">\n\t\t\t\t<div class=\"elementor-element elementor-element-ccf980d elementor-widget elementor-widget-the-events-calendar-addon\" data-id=\"ccf980d\" data-element_type=\"widget\" data-e-type=\"widget\" data-widget_type=\"the-events-calendar-addon.default\">\n\t\t\t\t<div class=\"elementor-widget-container\">\n\t\t\t\t\t<!=========Events list Template 1.6.28=========><script type=\"application\/ld+json\">\r\n[{\"@context\":\"http:\/\/schema.org\",\"@type\":\"Event\",\"name\":\"Wellness Weekend Retreat\",\"description\":\"&lt;p&gt;Reconnect with nature, restore your energy, and nurture your well-being during a Wellness Weekend Retreat on the shores of Lac Ste-Marie. Surrounded by tranquil waters and flourishing gardens\\u2014including our newly created Wellness Garden featuring over 70 medicinal and culinary herbs. This immersive weekend invites you to slow down, learn, and rejuvenate. From Friday to Sunday, participants will enjoy a holistic, nature-inspired experience combining organic gardening, herbal wellness, gentle movement, and relaxation. Guided workshops will teach you how to cultivate, harvest, and transform herbs from your own garden into practical remedies, including ointments for seasonal allergies, skin irritations, and sun protection.... &lt;\/p&gt;\\\\n\",\"image\":\"https:\/\/jardinsdomainedecelles.com\/wp-content\/uploads\/2026\/01\/TEST-WORKSHOP-1.png\",\"url\":\"https:\/\/jardinsdomainedecelles.com\/fr\/event\/wellness-weekend-retreat\/\",\"eventAttendanceMode\":\"https:\/\/schema.org\/OfflineEventAttendanceMode\",\"eventStatus\":\"https:\/\/schema.org\/EventScheduled\",\"startDate\":\"2026-05-22T15:00:00-04:00\",\"endDate\":\"2026-05-24T16:00:00-04:00\",\"performer\":\"Organization\"}]\r\n<\/script><div id=\"ectbe-wrapper-ccf980d\" class=\"ectbe-wrapper ectbe-list-wrapper style-2\"><div class=\"ectbe-month-header ectbe-simple-event\">novembre 2024<\/div><div id=\"event-3702\" class=\"ectbe-inner-wrapper ectbe-simple-event\"><div id=\"ectbe-date\" class=\"ectbe-date-area\">\n\t\t\t\t\t\t<span class=\"ectbe-ev-mo\">Nov<\/span>\n\t\t\t\t\t\t<span class=\"ectbe-ev-day\">23<\/span>\n\t\t\t\t\t<\/div><div class=\"ectbe-content-box\"><div class=\"ectbe-date-area\">\n                                <span class=\"ectbe-ev-day\">23<\/span>\n                                <span class=\"ectbe-ev-mo\">novembre<\/span>\n                                <span class=\"ectbe-ev-yr\">2024<\/span>\n                                <\/div><div class=\"ectbe-evt-title\"><a class=\"ectbe-evt-url\" href=\"https:\/\/jardinsdomainedecelles.com\/fr\/event\/lasagna-compost\/\">Compost de lasagne<\/a><\/div><div class=\"ectbe-evt-venue\"><span class=\"ectbe-icon\"><i class=\"ectbe-icon-location\" aria-hidden=\"true\"><\/i><\/span>\n\t\t\t\t\t\t<span class=\"ectbe-venue-details ectbe-address\">Jardins Domaine Decelles,<br><span class=\"tribe-address\">\n\n<span class=\"tribe-street-address\">21 chemin Henri<\/span>\n\t\n\t\t<br>\n\t\t<span class=\"tribe-locality\">Lac-Sainte-Marie<\/span><span class=\"tribe-delimiter\">,<\/span>\n\n\t<abbr class=\"tribe-region tribe-events-abbr\" title=\"Quebec\">Quebec<\/abbr>\n\n\t<span class=\"tribe-postal-code\">J0X 1Z0<\/span>\n\n\t<span class=\"tribe-country-name\">Canada<\/span>\n\n<\/span>\n<\/span><\/div><div class=\"ectbe-evt-description\"><p>Le samedi 23 novembre, un atelier de jardinage sera organis\u00e9 pour vous montrer comment fabriquer du compost en lasagnes.  Dans cet atelier, vous aiderez \u00e0 construire un compost qui est fait comme une lasagne.  Nous pla\u00e7ons une couche de fumier de cheval, une couche de feuilles d'arbres qui viennent de tomber et une couche de vieux compost, et nous r\u00e9p\u00e9tons jusqu'au sommet en \u00e9paisseur exactement comme une lasagne.<\/p>\n<\/div><div class=\"ectbe-evt-cost\">\n\t\t\t\t\t\t\t<span class=\"ectbe-icon\"><i class=\"ectbe-icon-ticket\" aria-hidden=\"true\"><\/i><\/span>\n\t\t\t\t\t\t\t<span class=\"ectbe-rate\">Gratuit<\/span>\n\t\t\t\t\t\t<\/div><div class=\"ectbe-evt-more-box\"><a class=\"ectbe-evt-read-more\" href=\"https:\/\/jardinsdomainedecelles.com\/fr\/event\/lasagna-compost\/\">Find out more<\/a><\/div><\/div><div class=\"ectbe-evt-img\"><img decoding=\"async\" src=\"https:\/\/jardinsdomainedecelles.com\/wp-content\/uploads\/2024\/11\/02.-Get-Horse-Manure-Pile-DSC04690-1024x1024.jpg\" alt=\"\" \/><\/div><\/div><div class=\"ectbe-month-header ectbe-simple-event\">novembre 2025<\/div><div id=\"event-4069\" class=\"ectbe-inner-wrapper ectbe-simple-event\"><div id=\"ectbe-date\" class=\"ectbe-date-area\">\n\t\t\t\t\t\t<span class=\"ectbe-ev-mo\">Nov<\/span>\n\t\t\t\t\t\t<span class=\"ectbe-ev-day\">08<\/span>\n\t\t\t\t\t<\/div><div class=\"ectbe-content-box\"><div class=\"ectbe-date-area\">\n                                <span class=\"ectbe-ev-day\">08<\/span>\n                                <span class=\"ectbe-ev-mo\">novembre<\/span>\n                                <span class=\"ectbe-ev-yr\">2025<\/span>\n                                <\/div><div class=\"ectbe-evt-title\"><a class=\"ectbe-evt-url\" href=\"https:\/\/jardinsdomainedecelles.com\/fr\/event\/4069\/\">Gardening Workshop \u2013 \u201cLasagna\u201d Compost<\/a><\/div><div class=\"ectbe-evt-description\"><p>\u00a0Gardening Workshop -- On Saturday, November 8, 2025, join us for a hands-on workshop to learn how to make a lasagna-style compost!In this workshop, participants will help build a compost pile layer by layer, horse manure, freshly fallen leaves, and old compost, just like a lasagna! After the lasagna compost is completed, the participants will be invited to a wine and cheese to celebrate the completion of the Lasagna Compost 2025!<\/p>\n<\/div><div class=\"ectbe-evt-cost\">\n\t\t\t\t\t\t\t<span class=\"ectbe-icon\"><i class=\"ectbe-icon-ticket\" aria-hidden=\"true\"><\/i><\/span>\n\t\t\t\t\t\t\t<span class=\"ectbe-rate\">Free to participate<\/span>\n\t\t\t\t\t\t<\/div><div class=\"ectbe-evt-more-box\"><a class=\"ectbe-evt-read-more\" href=\"https:\/\/jardinsdomainedecelles.com\/fr\/event\/4069\/\">Find out more<\/a><\/div><\/div><div class=\"ectbe-evt-img\"><img decoding=\"async\" src=\"https:\/\/jardinsdomainedecelles.com\/wp-content\/uploads\/2024\/11\/9.-Bring-your-pile-up-high-as-it-will-shrink-as-it-decomposes-Lasagne-JuanRomain_10.11.2022-1024x630.jpeg\" alt=\"\" \/><\/div><\/div><\/div>\t\t\t\t<\/div>\n\t\t\t\t<\/div>\n\t\t\t\t\t<\/div>\n\t\t\t\t<\/div>\n\t\t\t\t<\/div>","protected":false},"excerpt":{"rendered":"<p>There is no Event<\/p>","protected":false},"author":1,"featured_media":0,"parent":0,"menu_order":0,"comment_status":"closed","ping_status":"closed","template":"template-parts\/page-template-no-sidebar.php","meta":{"_eb_attr":"","_monsterinsights_skip_tracking":false,"_monsterinsights_sitenote_active":false,"_monsterinsights_sitenote_note":"","_monsterinsights_sitenote_category":0,"_price":"","_stock":"","_tribe_ticket_header":"","_tribe_default_ticket_provider":"","_ticket_start_date":"","_ticket_end_date":"","_tribe_ticket_show_description":"","_tribe_ticket_show_not_going":false,"_tribe_ticket_use_global_stock":"","_tribe_ticket_global_stock_level":"","_global_stock_mode":"","_global_stock_cap":"","_tribe_rsvp_for_event":"","_tribe_ticket_going_count":"","_tribe_ticket_not_going_count":"","_tribe_tickets_list":"[]","_tribe_ticket_has_attendee_info_fields":false,"_EventAllDay":false,"_EventTimezone":"","_EventStartDate":"","_EventEndDate":"","_EventStartDateUTC":"","_EventEndDateUTC":"","_EventShowMap":false,"_EventShowMapLink":false,"_EventURL":"","_EventCost":"","_EventCostDescription":"","_EventCurrencySymbol":"","_EventCurrencyCode":"","_EventCurrencyPosition":"","_EventDateTimeSeparator":"","_EventTimeRangeSeparator":"","_EventOrganizerID":[],"_EventVenueID":[],"_OrganizerEmail":"","_OrganizerPhone":"","_OrganizerWebsite":"","_VenueAddress":"","_VenueCity":"","_VenueCountry":"","_VenueProvince":"","_VenueState":"","_VenueZip":"","_VenuePhone":"","_VenueURL":"","_VenueStateProvince":"","_VenueLat":"","_VenueLng":"","_VenueShowMap":false,"_VenueShowMapLink":false,"footnotes":"","_tec_slr_enabled":"","_tec_slr_layout":""},"class_list":["post-3753","page","type-page","status-publish","hentry"],"aioseo_notices":[],"ticketed":false,"_links":{"self":[{"href":"https:\/\/jardinsdomainedecelles.com\/fr\/wp-json\/wp\/v2\/pages\/3753","targetHints":{"allow":["GET"]}}],"collection":[{"href":"https:\/\/jardinsdomainedecelles.com\/fr\/wp-json\/wp\/v2\/pages"}],"about":[{"href":"https:\/\/jardinsdomainedecelles.com\/fr\/wp-json\/wp\/v2\/types\/page"}],"author":[{"embeddable":true,"href":"https:\/\/jardinsdomainedecelles.com\/fr\/wp-json\/wp\/v2\/users\/1"}],"replies":[{"embeddable":true,"href":"https:\/\/jardinsdomainedecelles.com\/fr\/wp-json\/wp\/v2\/comments?post=3753"}],"version-history":[{"count":4,"href":"https:\/\/jardinsdomainedecelles.com\/fr\/wp-json\/wp\/v2\/pages\/3753\/revisions"}],"predecessor-version":[{"id":3757,"href":"https:\/\/jardinsdomainedecelles.com\/fr\/wp-json\/wp\/v2\/pages\/3753\/revisions\/3757"}],"wp:attachment":[{"href":"https:\/\/jardinsdomainedecelles.com\/fr\/wp-json\/wp\/v2\/media?parent=3753"}],"curies":[{"name":"wp","href":"https:\/\/api.w.org\/{rel}","templated":true}]}}