{"id":1756,"date":"2023-04-17T17:26:24","date_gmt":"2023-04-17T17:26:24","guid":{"rendered":"https:\/\/jardinsdomainedecelles.com\/garden\/?page_id=1756"},"modified":"2024-06-06T16:14:30","modified_gmt":"2024-06-06T20:14:30","slug":"from-pixel-to-plants","status":"publish","type":"page","link":"https:\/\/jardinsdomainedecelles.com\/fr\/from-pixel-to-plants\/","title":{"rendered":"Du pixel aux plantes"},"content":{"rendered":"<div data-elementor-type=\"wp-page\" data-elementor-id=\"1756\" class=\"elementor elementor-1756\">\n\t\t\t\t<div class=\"elementor-element elementor-element-6ce3fda5 e-flex e-con-boxed e-con e-parent\" data-id=\"6ce3fda5\" data-element_type=\"container\" data-e-type=\"container\">\n\t\t\t\t\t<div class=\"e-con-inner\">\n\t\t\t\t<div class=\"elementor-element elementor-element-6bd6ca35 elementor-widget elementor-widget-text-editor\" data-id=\"6bd6ca35\" data-element_type=\"widget\" data-e-type=\"widget\" data-widget_type=\"text-editor.default\">\n\t\t\t\t<div class=\"elementor-widget-container\">\n\t\t\t\t\t\t\t\t\t<p><\/p>\n<h2 class=\"wp-block-heading\">L'art de l'am\u00e9nagement num\u00e9rique des jardins !<\/h2>\n<p><\/p>\n<p><\/p>\n<p>Bienvenue dans l'atelier de conception num\u00e9rique de votre jardin ! Dans ce cours, vous apprendrez \u00e0 concevoir et \u00e0 planifier votre jardin \u00e0 l'aide de la retouche d'images !<\/p>\n<p><\/p>\n<p><\/p>\n<p>Vous avez l'habitude de planifier votre jardin \u00e0 l'aide d'un simple croquis ? Ou m\u00eame d'essayer avec les plantes dans la main ?<br>Essayez notre cours \u00ab Du pixel aux plantes : l'art de planifier un jardin num\u00e9rique \u00bb : nous vous montrons la fa\u00e7on moderne de planifier votre jardin num\u00e9riquement et de fa\u00e7on beaucoup plus vivante ! Le cours est divis\u00e9 en plusieurs sections :<\/p>\n<p><\/p>\n<p><\/p>\n<div style=\"height:100px\" aria-hidden=\"true\" class=\"wp-block-spacer\"><\/div>\n<p><\/p>\n<p><\/p>\n<div class=\"wp-block-media-text alignwide is-stacked-on-mobile\" style=\"grid-template-columns:46% auto\">\n<figure class=\"wp-block-media-text__media\"><img fetchpriority=\"high\" decoding=\"async\" width=\"1024\" height=\"1024\" src=\"https:\/\/jardinsdomainedecelles.com\/garden\/wp-content\/uploads\/2021\/03\/Garden-37-herb-placement-plan-1024x1024.jpg\" alt=\"\" class=\"wp-image-1564 size-full\" srcset=\"https:\/\/jardinsdomainedecelles.com\/wp-content\/uploads\/2021\/03\/Garden-37-herb-placement-plan-1024x1024.jpg 1024w, https:\/\/jardinsdomainedecelles.com\/wp-content\/uploads\/2021\/03\/Garden-37-herb-placement-plan-300x300.jpg 300w, https:\/\/jardinsdomainedecelles.com\/wp-content\/uploads\/2021\/03\/Garden-37-herb-placement-plan-150x150.jpg 150w, https:\/\/jardinsdomainedecelles.com\/wp-content\/uploads\/2021\/03\/Garden-37-herb-placement-plan-768x768.jpg 768w, https:\/\/jardinsdomainedecelles.com\/wp-content\/uploads\/2021\/03\/Garden-37-herb-placement-plan-1536x1536.jpg 1536w, https:\/\/jardinsdomainedecelles.com\/wp-content\/uploads\/2021\/03\/Garden-37-herb-placement-plan-2048x2048.jpg 2048w, https:\/\/jardinsdomainedecelles.com\/wp-content\/uploads\/2021\/03\/Garden-37-herb-placement-plan-400x400.jpg 400w\" sizes=\"(max-width: 1024px) 100vw, 1024px\" \/><\/figure>\n<div class=\"wp-block-media-text__content\">\n<p><\/p>\n<h5 class=\"wp-block-heading\">1. Dessinez votre premier projet sur papier<\/h5>\n<p><\/p>\n<p><\/p>\n<p>Dans la premi\u00e8re section, vous apprendrez \u00e0 concevoir votre jardin sur papier d'abord. Pour commencer, vous commencerez par la forme du sol.  Lors de la s\u00e9lection des plantes, tenez compte des couleurs, des textures et des tailles de chacune d'entre elles. Vous voulez cr\u00e9er un am\u00e9nagement \u00e9quilibr\u00e9 qui soit visuellement attrayant.  Outre les plantes, vous pouvez envisager d'autres \u00e9l\u00e9ments de conception, tels que des all\u00e9es, des structures de jardin et des pi\u00e8ces d'eau. Cette premi\u00e8re \u00e9bauche peut vous aider \u00e0 visualiser les premi\u00e8res id\u00e9es !<\/p>\n<p><\/p>\n<\/div>\n<\/div>\n<p><\/p>\n<p><\/p>\n<div style=\"height:100px\" aria-hidden=\"true\" class=\"wp-block-spacer\"><\/div>\n<p><\/p>\n<p><\/p>\n<div class=\"wp-block-group alignwide\"><div class=\"wp-block-group__inner-container\">\n<div class=\"wp-block-group__inner-container is-layout-flow wp-block-group-is-layout-flow\">\n<p><\/p>\n<div class=\"wp-block-media-text alignwide has-media-on-the-right is-stacked-on-mobile is-vertically-aligned-center\" style=\"grid-template-columns:auto 46%\">\n<figure class=\"wp-block-media-text__media\"><img decoding=\"async\" width=\"1024\" height=\"685\" src=\"https:\/\/jardinsdomainedecelles.com\/garden\/wp-content\/uploads\/2023\/04\/ankhesenamun-SZZEh-O0n80-unsplash-1024x685.jpg\" alt=\"\" class=\"wp-image-1579 size-full\" srcset=\"https:\/\/jardinsdomainedecelles.com\/wp-content\/uploads\/2023\/04\/ankhesenamun-SZZEh-O0n80-unsplash-1024x685.jpg 1024w, https:\/\/jardinsdomainedecelles.com\/wp-content\/uploads\/2023\/04\/ankhesenamun-SZZEh-O0n80-unsplash-300x201.jpg 300w, https:\/\/jardinsdomainedecelles.com\/wp-content\/uploads\/2023\/04\/ankhesenamun-SZZEh-O0n80-unsplash-768x514.jpg 768w, https:\/\/jardinsdomainedecelles.com\/wp-content\/uploads\/2023\/04\/ankhesenamun-SZZEh-O0n80-unsplash-1536x1028.jpg 1536w, https:\/\/jardinsdomainedecelles.com\/wp-content\/uploads\/2023\/04\/ankhesenamun-SZZEh-O0n80-unsplash-2048x1371.jpg 2048w\" sizes=\"(max-width: 1024px) 100vw, 1024px\" \/><\/figure>\n<div class=\"wp-block-media-text__content\">\n<p><\/p>\n<div class=\"wp-block-columns is-layout-flex wp-container-core-columns-is-layout-9d6595d7 wp-block-columns-is-layout-flex\">\n<p><\/p>\n<div class=\"wp-block-column is-layout-flow wp-block-column-is-layout-flow\" style=\"flex-basis:100%\">\n<p><\/p>\n<h5 class=\"wp-block-heading\">2. Prendre une photo de la zone \u00e0 am\u00e9nager<\/h5>\n<p><\/p>\n<p><\/p>\n<p>Dans la deuxi\u00e8me partie, vous apprendrez \u00e0 prendre une photo de votre parterre de jardin. Cette photo servira de point de d\u00e9part \u00e0 votre conception. Vous apprendrez \u00e0 photographier le parterre sous le meilleur angle et \u00e0 vous assurer que l'\u00e9clairage est optimal pour votre photo.<\/p>\n<p><\/p>\n<\/div>\n<p><\/p>\n<\/div>\n<p><\/p>\n<\/div>\n<\/div>\n<p><\/p>\n<p><\/p>\n<div style=\"height:100px\" aria-hidden=\"true\" class=\"wp-block-spacer\"><\/div>\n<p><\/p>\n<p><\/p>\n<div class=\"wp-block-media-text alignwide is-stacked-on-mobile\" style=\"grid-template-columns:46% auto\">\n<figure class=\"wp-block-media-text__media\"><img decoding=\"async\" src=\"https:\/\/jardinsdomainedecelles.com\/garden\/wp-content\/uploads\/2018\/12\/blog07.jpg\" alt=\"\" class=\"wp-image-1353 size-full\"><\/figure>\n<div class=\"wp-block-media-text__content\">\n<p><\/p>\n<h5 class=\"wp-block-heading\">3. Cr\u00e9ez votre liste de plantes<\/h5>\n<p><\/p>\n<p><\/p>\n<p>Dans la troisi\u00e8me section, vous apprendrez \u00e0 choisir les plantes et les arbres que vous souhaitez ajouter \u00e0 votre jardin. Vous apprendrez \u00e0 rechercher les diff\u00e9rents types de plantes et d'arbres qui conviennent \u00e0 votre jardin en fonction de facteurs tels que le climat, le sol et l'ensoleillement. Vous apprendrez \u00e9galement \u00e0 s\u00e9lectionner des plantes qui se compl\u00e8tent et \u00e0 cr\u00e9er un design visuellement attrayant.<\/p>\n<p><\/p>\n<\/div>\n<\/div>\n<p><\/p>\n<\/div>\n<\/div><\/div>\n<p><\/p>\n<p><\/p>\n<div style=\"height:100px\" aria-hidden=\"true\" class=\"wp-block-spacer\"><\/div>\n<p><\/p>\n<p><\/p>\n<div class=\"wp-block-media-text alignwide has-media-on-the-right is-stacked-on-mobile\" style=\"grid-template-columns:auto 47%\">\n<figure class=\"wp-block-media-text__media\"><img decoding=\"async\" width=\"1024\" height=\"683\" src=\"https:\/\/jardinsdomainedecelles.com\/garden\/wp-content\/uploads\/2021\/03\/Copy-of-01-IMG_8191-1024x683.jpg\" alt=\"Garden #1\" class=\"wp-image-1558 size-full\" srcset=\"https:\/\/jardinsdomainedecelles.com\/wp-content\/uploads\/2021\/03\/Copy-of-01-IMG_8191-1024x683.jpg 1024w, https:\/\/jardinsdomainedecelles.com\/wp-content\/uploads\/2021\/03\/Copy-of-01-IMG_8191-300x200.jpg 300w, https:\/\/jardinsdomainedecelles.com\/wp-content\/uploads\/2021\/03\/Copy-of-01-IMG_8191-768x512.jpg 768w, https:\/\/jardinsdomainedecelles.com\/wp-content\/uploads\/2021\/03\/Copy-of-01-IMG_8191-1536x1024.jpg 1536w, https:\/\/jardinsdomainedecelles.com\/wp-content\/uploads\/2021\/03\/Copy-of-01-IMG_8191-2048x1365.jpg 2048w\" sizes=\"(max-width: 1024px) 100vw, 1024px\" \/><\/figure>\n<div class=\"wp-block-media-text__content\">\n<p><\/p>\n<h5 class=\"wp-block-heading\">4. Recherchez des images des plantes que vous avez choisies et d\u00e9coupez-les<\/h5>\n<p><\/p>\n<p><\/p>\n<p>Dans la quatri\u00e8me section, vous apprendrez \u00e0 trouver des photos des plantes et des arbres de votre choix \u00e0 diff\u00e9rents stades de croissance. Vous apprendrez \u00e0 d\u00e9couper ces images \u00e0 l'aide d'outils d'\u00e9dition d'images, tels que l'outil lasso et l'outil stylo.<\/p>\n<p><\/p>\n<\/div>\n<\/div>\n<p><\/p>\n<p><\/p>\n<div style=\"height:100px\" aria-hidden=\"true\" class=\"wp-block-spacer\"><\/div>\n<p><\/p>\n<p><\/p>\n<div class=\"wp-block-media-text alignwide is-stacked-on-mobile\" style=\"grid-template-columns:47% auto\">\n<figure class=\"wp-block-media-text__media\"><img loading=\"lazy\" decoding=\"async\" width=\"1024\" height=\"683\" src=\"https:\/\/jardinsdomainedecelles.com\/garden\/wp-content\/uploads\/2021\/03\/Copy-of-04-IMG_8197-1024x683.jpg\" alt=\"Garden #4 The Pond\" class=\"wp-image-1560 size-full\" srcset=\"https:\/\/jardinsdomainedecelles.com\/wp-content\/uploads\/2021\/03\/Copy-of-04-IMG_8197-1024x683.jpg 1024w, https:\/\/jardinsdomainedecelles.com\/wp-content\/uploads\/2021\/03\/Copy-of-04-IMG_8197-300x200.jpg 300w, https:\/\/jardinsdomainedecelles.com\/wp-content\/uploads\/2021\/03\/Copy-of-04-IMG_8197-768x512.jpg 768w, https:\/\/jardinsdomainedecelles.com\/wp-content\/uploads\/2021\/03\/Copy-of-04-IMG_8197-1536x1024.jpg 1536w, https:\/\/jardinsdomainedecelles.com\/wp-content\/uploads\/2021\/03\/Copy-of-04-IMG_8197-2048x1365.jpg 2048w\" sizes=\"(max-width: 1024px) 100vw, 1024px\" \/><\/figure>\n<div class=\"wp-block-media-text__content\">\n<p><\/p>\n<h5 class=\"wp-block-heading\">5. Ajoutez les photos de vos plantes \u00e0 la photo de votre terrain<\/h5>\n<p><\/p>\n<p><\/p>\n<p>Dans la cinqui\u00e8me section, vous apprendrez \u00e0 ajouter les images d\u00e9coup\u00e9es \u00e0 votre photo de jardin en utilisant des calques et des outils de masquage. Vous apprendrez \u00e0 ajuster l'emplacement et l'orientation des images pour cr\u00e9er un motif agr\u00e9able \u00e0 l'\u0153il (peut-\u00eatre compl\u00e8tement diff\u00e9rent de votre premi\u00e8re \u00e9bauche !).<\/p>\n<p><\/p>\n<\/div>\n<\/div>\n<p><\/p>\n<p><\/p>\n<div style=\"height:100px\" aria-hidden=\"true\" class=\"wp-block-spacer\"><\/div>\n<p><\/p>\n<p><\/p>\n<div class=\"wp-block-media-text alignwide has-media-on-the-right is-stacked-on-mobile\" style=\"grid-template-columns:auto 44%\">\n<figure class=\"wp-block-media-text__media\"><img loading=\"lazy\" decoding=\"async\" width=\"1024\" height=\"683\" src=\"https:\/\/jardinsdomainedecelles.com\/garden\/wp-content\/uploads\/2021\/03\/Copy-of-21-IMG_8179-1024x683.jpg\" alt=\"Garden #21 - Vegetables Summer\" class=\"wp-image-1566 size-full\" srcset=\"https:\/\/jardinsdomainedecelles.com\/wp-content\/uploads\/2021\/03\/Copy-of-21-IMG_8179-1024x683.jpg 1024w, https:\/\/jardinsdomainedecelles.com\/wp-content\/uploads\/2021\/03\/Copy-of-21-IMG_8179-300x200.jpg 300w, https:\/\/jardinsdomainedecelles.com\/wp-content\/uploads\/2021\/03\/Copy-of-21-IMG_8179-768x512.jpg 768w, https:\/\/jardinsdomainedecelles.com\/wp-content\/uploads\/2021\/03\/Copy-of-21-IMG_8179-1536x1024.jpg 1536w, https:\/\/jardinsdomainedecelles.com\/wp-content\/uploads\/2021\/03\/Copy-of-21-IMG_8179-2048x1365.jpg 2048w\" sizes=\"(max-width: 1024px) 100vw, 1024px\" \/><\/figure>\n<div class=\"wp-block-media-text__content\">\n<p><\/p>\n<h5 class=\"wp-block-heading\">6. Derni\u00e8res \u00e9tapes : les ajustements !<\/h5>\n<p><\/p>\n<p><\/p>\n<p>Dans la derni\u00e8re section, vous apprendrez \u00e0 revoir et \u00e0 affiner le dessin de votre jardin. Vous apprendrez \u00e0 apporter des modifications \u00e0 votre projet en fonction des commentaires re\u00e7us et \u00e0 vous assurer que votre projet est coh\u00e9rent et \u00e9quilibr\u00e9. Vous apprendrez \u00e9galement \u00e0 exporter votre dessin sous la forme d'une image de haute qualit\u00e9 que vous pourrez utiliser pour guider vos efforts de jardinage.<\/p>\n<p><\/p>\n<\/div>\n<\/div>\n<p><\/p>\n<p><\/p>\n<div style=\"height:100px\" aria-hidden=\"true\" class=\"wp-block-spacer\"><\/div>\n<p><\/p>\n<p><\/p>\n<p>Ce cours s'adresse aux participants \u00e2g\u00e9s de 16 ans ou moins, s'ils poss\u00e8dent des connaissances num\u00e9riques.<br>Expected duration: 5 hours with breaks<\/p>\n<p><\/p>\n<p><\/p>\n<div class=\"wp-block-buttons is-layout-flex wp-block-buttons-is-layout-flex\">\n<p><\/p>\n<div class=\"wp-block-button\"><a class=\"wp-block-button__link\" href=\"https:\/\/jardinsdomainedecelles.com\/fr\/garden\/contact-us\/\">R\u00e9server maintenant !<\/a><\/div>\n<p><\/p>\n<\/div>\n<p><\/p>\n<p><\/p>\n<p><br><\/p>\n<p><\/p>\t\t\t\t\t\t\t\t<\/div>\n\t\t\t\t<\/div>\n\t\t\t\t\t<\/div>\n\t\t\t\t<\/div>\n\t\t\t\t<\/div>","protected":false},"excerpt":{"rendered":"<p>The art of digital garden planning! Welcome to the workshop of designing your garden digitally! In this course, you will learn how to design and plan your garden using image editing! You are used to plan your garden just with a hand-drawn sketch? Or even just try it out with the plants in your hand?Try our short course &#8220;From Pixel to Plants: the art of digital garden planning&#8221;: we show you the modern way to plan your garden digital and way more vivid! The course is divided into several sections: 1. Draw your first draft on paper In the first&#8230; <\/p>","protected":false},"author":1,"featured_media":0,"parent":0,"menu_order":0,"comment_status":"closed","ping_status":"closed","template":"template-parts\/page-template-no-sidebar.php","meta":{"_eb_attr":"","_monsterinsights_skip_tracking":false,"_monsterinsights_sitenote_active":false,"_monsterinsights_sitenote_note":"","_monsterinsights_sitenote_category":0,"_price":"","_stock":"","_tribe_ticket_header":"","_tribe_default_ticket_provider":"","_ticket_start_date":"","_ticket_end_date":"","_tribe_ticket_show_description":"","_tribe_ticket_show_not_going":false,"_tribe_ticket_use_global_stock":"","_tribe_ticket_global_stock_level":"","_global_stock_mode":"","_global_stock_cap":"","_tribe_rsvp_for_event":"","_tribe_ticket_going_count":"","_tribe_ticket_not_going_count":"","_tribe_tickets_list":"[]","_tribe_ticket_has_attendee_info_fields":false,"_EventAllDay":false,"_EventTimezone":"","_EventStartDate":"","_EventEndDate":"","_EventStartDateUTC":"","_EventEndDateUTC":"","_EventShowMap":false,"_EventShowMapLink":false,"_EventURL":"","_EventCost":"","_EventCostDescription":"","_EventCurrencySymbol":"","_EventCurrencyCode":"","_EventCurrencyPosition":"","_EventDateTimeSeparator":"","_EventTimeRangeSeparator":"","_EventOrganizerID":[],"_EventVenueID":[],"_OrganizerEmail":"","_OrganizerPhone":"","_OrganizerWebsite":"","_VenueAddress":"","_VenueCity":"","_VenueCountry":"","_VenueProvince":"","_VenueState":"","_VenueZip":"","_VenuePhone":"","_VenueURL":"","_VenueStateProvince":"","_VenueLat":"","_VenueLng":"","_VenueShowMap":false,"_VenueShowMapLink":false,"footnotes":"","_tec_slr_enabled":"","_tec_slr_layout":""},"class_list":["post-1756","page","type-page","status-publish","hentry"],"aioseo_notices":[],"ticketed":false,"_links":{"self":[{"href":"https:\/\/jardinsdomainedecelles.com\/fr\/wp-json\/wp\/v2\/pages\/1756","targetHints":{"allow":["GET"]}}],"collection":[{"href":"https:\/\/jardinsdomainedecelles.com\/fr\/wp-json\/wp\/v2\/pages"}],"about":[{"href":"https:\/\/jardinsdomainedecelles.com\/fr\/wp-json\/wp\/v2\/types\/page"}],"author":[{"embeddable":true,"href":"https:\/\/jardinsdomainedecelles.com\/fr\/wp-json\/wp\/v2\/users\/1"}],"replies":[{"embeddable":true,"href":"https:\/\/jardinsdomainedecelles.com\/fr\/wp-json\/wp\/v2\/comments?post=1756"}],"version-history":[{"count":19,"href":"https:\/\/jardinsdomainedecelles.com\/fr\/wp-json\/wp\/v2\/pages\/1756\/revisions"}],"predecessor-version":[{"id":2158,"href":"https:\/\/jardinsdomainedecelles.com\/fr\/wp-json\/wp\/v2\/pages\/1756\/revisions\/2158"}],"wp:attachment":[{"href":"https:\/\/jardinsdomainedecelles.com\/fr\/wp-json\/wp\/v2\/media?parent=1756"}],"curies":[{"name":"wp","href":"https:\/\/api.w.org\/{rel}","templated":true}]}}