{"id":1713,"date":"2023-04-14T19:22:14","date_gmt":"2023-04-14T19:22:14","guid":{"rendered":"https:\/\/jardinsdomainedecelles.com\/garden\/?page_id=1713"},"modified":"2024-06-06T16:47:57","modified_gmt":"2024-06-06T20:47:57","slug":"project","status":"publish","type":"page","link":"https:\/\/jardinsdomainedecelles.com\/fr\/project\/","title":{"rendered":"Project"},"content":{"rendered":"<div data-elementor-type=\"wp-page\" data-elementor-id=\"1713\" class=\"elementor elementor-1713\">\n\t\t\t\t<div class=\"elementor-element elementor-element-768c6935 e-flex e-con-boxed e-con e-parent\" data-id=\"768c6935\" data-element_type=\"container\" data-e-type=\"container\">\n\t\t\t\t\t<div class=\"e-con-inner\">\n\t\t\t\t<div class=\"elementor-element elementor-element-6b997719 elementor-widget elementor-widget-text-editor\" data-id=\"6b997719\" data-element_type=\"widget\" data-e-type=\"widget\" data-widget_type=\"text-editor.default\">\n\t\t\t\t<div class=\"elementor-widget-container\">\n\t\t\t\t\t\t\t\t\t<p><\/p>\n<h2 class=\"wp-block-heading\">Engagement \u00e0 s'am\u00e9liorer<\/h2>\n<p><\/p>\n<p><\/p>\n<p>Au sein de notre Resort, nous nous effor\u00e7ons d'am\u00e9liorer et d'\u00e9tendre constamment nos jardins et nos installations afin d'offrir la meilleure exp\u00e9rience possible \u00e0 nos h\u00f4tes. Nous disposons d'une \u00e9quipe d\u00e9vou\u00e9e de jardiniers et d'experts en d\u00e9veloppement durable qui travaillent en permanence sur de nouveaux projets visant \u00e0 am\u00e9liorer la beaut\u00e9 naturelle et le d\u00e9veloppement durable de notre \u00e9tablissement.<\/p>\n<p><\/p>\n<p><\/p>\n<p>Notre \u00e9quipe explore sans cesse de nouvelles fa\u00e7ons d'am\u00e9liorer nos jardins, que ce soit par l'introduction de nouvelles plantes, la mise en \u0153uvre de techniques d'arrosage et d'irrigation innovantes ou la cr\u00e9ation de nouveaux espaces et \u00e9l\u00e9ments de jardin.<\/p>\n<p><\/p>\n<p><\/p>\n<p>Nous pensons que nos jardins sont un \u00e9l\u00e9ment essentiel de l'atmosph\u00e8re unique de notre Resort et nous nous engageons \u00e0 les pr\u00e9server et \u00e0 les am\u00e9liorer pour que les g\u00e9n\u00e9rations futures puissent en profiter. Nous sommes tr\u00e8s fiers de nos jardins et nous nous effor\u00e7ons toujours de les am\u00e9liorer.<\/p>\n<p><\/p>\n<p><\/p>\n<p>Si vous souhaitez visiter les Jardins Domaine Decelles et d\u00e9couvrir nos jardins par vous-m\u00eame, nous vous invitons \u00e0 vous joindre \u00e0 nous et \u00e0 assister \u00e0 l'\u00e9volution constante de notre magnifique paradis naturel.  Vous trouverez ci-dessous une liste de tous nos projets \u00e0 venir.<\/p>\n<p><\/p>\n<figure class=\"wp-block-gallery has-nested-images columns-default is-cropped\"><\/p>\n<p><\/p>\n<figure class=\"wp-block-gallery has-nested-images columns-default is-cropped wp-block-gallery-1 is-layout-flex wp-block-gallery-is-layout-flex\"><!-- wp:image {\"id\":1410,\"sizeSlug\":\"medium\",\"linkDestination\":\"attachment\",\"className\":\"is-style-default\"} --><p><\/p>\n<figure class=\"wp-block-image size-medium is-style-default\"><\/figure>\n<\/figure>\t\t\t\t\t\t\t\t<\/div>\n\t\t\t\t<\/div>\n\t\t\t\t\t<\/div>\n\t\t\t\t<\/div>\n\t\t<div class=\"elementor-element elementor-element-6d2ae0c e-con-full e-flex e-con e-parent\" data-id=\"6d2ae0c\" data-element_type=\"container\" data-e-type=\"container\">\n\t\t<div class=\"elementor-element elementor-element-5186d30 e-flex e-con-boxed e-con e-child\" data-id=\"5186d30\" data-element_type=\"container\" data-e-type=\"container\">\n\t\t\t\t\t<div class=\"e-con-inner\">\n\t\t\t\t<div class=\"elementor-element elementor-element-88c416f elementor-widget elementor-widget-html\" data-id=\"88c416f\" data-element_type=\"widget\" data-e-type=\"widget\" data-widget_type=\"html.default\">\n\t\t\t\t<div class=\"elementor-widget-container\">\n\t\t\t\t\t<iframe src=\"https:\/\/docs.google.com\/spreadsheets\/d\/e\/2PACX-1vQ7nuV2NiHzckhfxCbTtETLr3v4nRbABUaKo5MipSOBzRcz0hvacdK2zh__CFROC9tNvCewnwLB4LAG\/pubhtml?gid=1681374494&amp;single=true&amp;widget=true&amp;headers=false&amp;range=A:G\" height=\"1000\"><\/iframe>\n\n\t\t\t\t<\/div>\n\t\t\t\t<\/div>\n\t\t\t\t\t<\/div>\n\t\t\t\t<\/div>\n\t\t\t\t<\/div>\n\t\t\t\t<\/div>","protected":false},"excerpt":{"rendered":"<p>Commitment to improve At our resort, we are aiming to constantly improve and expand our gardens and facilities to provide the best possible experience for our guests. We have a dedicated team of gardeners and sustainability experts who are always working on new projects to enhance our resort&#8217;s natural beauty and sustainability. Our team is always exploring new ways to refine our gardens, whether it is through the introduction of new plants, the implementation of innovative watering and irrigation techniques, or the creation of new garden spaces and features. We believe that our gardens are an essential part of our&#8230; <\/p>","protected":false},"author":1,"featured_media":0,"parent":0,"menu_order":0,"comment_status":"closed","ping_status":"closed","template":"template-parts\/page-template-full-width.php","meta":{"_eb_attr":"","_monsterinsights_skip_tracking":false,"_monsterinsights_sitenote_active":false,"_monsterinsights_sitenote_note":"","_monsterinsights_sitenote_category":0,"_price":"","_stock":"","_tribe_ticket_header":"","_tribe_default_ticket_provider":"","_ticket_start_date":"","_ticket_end_date":"","_tribe_ticket_show_description":"","_tribe_ticket_show_not_going":false,"_tribe_ticket_use_global_stock":"","_tribe_ticket_global_stock_level":"","_global_stock_mode":"","_global_stock_cap":"","_tribe_rsvp_for_event":"","_tribe_ticket_going_count":"","_tribe_ticket_not_going_count":"","_tribe_tickets_list":"[]","_tribe_ticket_has_attendee_info_fields":false,"_EventAllDay":false,"_EventTimezone":"","_EventStartDate":"","_EventEndDate":"","_EventStartDateUTC":"","_EventEndDateUTC":"","_EventShowMap":false,"_EventShowMapLink":false,"_EventURL":"","_EventCost":"","_EventCostDescription":"","_EventCurrencySymbol":"","_EventCurrencyCode":"","_EventCurrencyPosition":"","_EventDateTimeSeparator":"","_EventTimeRangeSeparator":"","_EventOrganizerID":[],"_EventVenueID":[],"_OrganizerEmail":"","_OrganizerPhone":"","_OrganizerWebsite":"","_VenueAddress":"","_VenueCity":"","_VenueCountry":"","_VenueProvince":"","_VenueState":"","_VenueZip":"","_VenuePhone":"","_VenueURL":"","_VenueStateProvince":"","_VenueLat":"","_VenueLng":"","_VenueShowMap":false,"_VenueShowMapLink":false,"footnotes":"","_tec_slr_enabled":"","_tec_slr_layout":""},"class_list":["post-1713","page","type-page","status-publish","hentry"],"aioseo_notices":[],"ticketed":false,"_links":{"self":[{"href":"https:\/\/jardinsdomainedecelles.com\/fr\/wp-json\/wp\/v2\/pages\/1713","targetHints":{"allow":["GET"]}}],"collection":[{"href":"https:\/\/jardinsdomainedecelles.com\/fr\/wp-json\/wp\/v2\/pages"}],"about":[{"href":"https:\/\/jardinsdomainedecelles.com\/fr\/wp-json\/wp\/v2\/types\/page"}],"author":[{"embeddable":true,"href":"https:\/\/jardinsdomainedecelles.com\/fr\/wp-json\/wp\/v2\/users\/1"}],"replies":[{"embeddable":true,"href":"https:\/\/jardinsdomainedecelles.com\/fr\/wp-json\/wp\/v2\/comments?post=1713"}],"version-history":[{"count":42,"href":"https:\/\/jardinsdomainedecelles.com\/fr\/wp-json\/wp\/v2\/pages\/1713\/revisions"}],"predecessor-version":[{"id":3603,"href":"https:\/\/jardinsdomainedecelles.com\/fr\/wp-json\/wp\/v2\/pages\/1713\/revisions\/3603"}],"wp:attachment":[{"href":"https:\/\/jardinsdomainedecelles.com\/fr\/wp-json\/wp\/v2\/media?parent=1713"}],"curies":[{"name":"wp","href":"https:\/\/api.w.org\/{rel}","templated":true}]}}