{"id":1639,"date":"2023-04-13T20:56:11","date_gmt":"2023-04-13T20:56:11","guid":{"rendered":"https:\/\/jardinsdomainedecelles.com\/garden\/?page_id=1639"},"modified":"2024-04-29T14:20:54","modified_gmt":"2024-04-29T14:20:54","slug":"gardens","status":"publish","type":"page","link":"https:\/\/jardinsdomainedecelles.com\/fr\/gardens\/","title":{"rendered":"Jardins"},"content":{"rendered":"<div data-elementor-type=\"wp-page\" data-elementor-id=\"1639\" class=\"elementor elementor-1639\">\n\t\t\t\t<div class=\"elementor-element elementor-element-6e46e664 e-flex e-con-boxed e-con e-parent\" data-id=\"6e46e664\" data-element_type=\"container\" data-e-type=\"container\">\n\t\t\t\t\t<div class=\"e-con-inner\">\n\t\t\t\t<div class=\"elementor-element elementor-element-54075344 elementor-widget elementor-widget-text-editor\" data-id=\"54075344\" data-element_type=\"widget\" data-e-type=\"widget\" data-widget_type=\"text-editor.default\">\n\t\t\t\t<div class=\"elementor-widget-container\">\n\t\t\t\t\t\t\t\t\t<p><\/p>\n<div class=\"wp-block-group\"><div class=\"wp-block-group__inner-container\">\n<div class=\"wp-block-group__inner-container is-layout-flow wp-block-group-is-layout-flow\">\n<p><\/p>\n<p><i>Jardins<\/i> <i>Domaine Decelles<\/i> est une oasis \u00e0 couper le souffle \u00e0 Lac Ste-Marie avec une vue directe sur le lac. Se promener dans les 47 jardins distincts est une exp\u00e9rience unique qui permet d'appr\u00e9cier la beaut\u00e9 naturelle des plantes, des fleurs et des paysages.\u00a0<\/p>\n<p><\/p>\n<\/div>\n<\/div><\/div>\n<p><\/p>\n<p><\/p>\n<p>Depuis l'ouverture de notre Resort, diff\u00e9rents \u00e9l\u00e9ments ont \u00e9t\u00e9 rassembl\u00e9s pour construire chaque jardin de mani\u00e8re unique pour offrir aux visiteurs la possibilit\u00e9 d'explorer la diversit\u00e9 de la vie v\u00e9g\u00e9tale. Pour y parvenir, nous avons creus\u00e9 le sol, d\u00e9plac\u00e9 et plant\u00e9 des arbres, et construit des chemins avec des pierres fournies par les carri\u00e8res voisines. Le concept de chaque jardin est planifi\u00e9 et mis en \u0153uvre par les personnes responsables des <em>Jardins Domaine Decelles <\/em>pour cr\u00e9er ce magnifique Resort.<\/p>\n<p><\/p>\n<p><\/p>\n<div class=\"wp-block-columns is-layout-flex wp-container-core-columns-is-layout-9d6595d7 wp-block-columns-is-layout-flex\">\n<p><\/p>\n<div class=\"wp-block-column is-layout-flow wp-block-column-is-layout-flow\" style=\"flex-basis: 100%;\">\n<p><\/p>\n<div class=\"wp-block-group\"><div class=\"wp-block-group__inner-container\">\n<div class=\"wp-block-group__inner-container is-layout-flow wp-block-group-is-layout-flow\">\n<p><\/p>\n<div class=\"wp-block-columns is-layout-flex wp-container-core-columns-is-layout-9d6595d7 wp-block-columns-is-layout-flex\">\n<p><\/p>\n<div class=\"wp-block-column is-layout-flow wp-block-column-is-layout-flow\" style=\"flex-basis: 100%;\">\n<p><\/p>\n<div class=\"wp-block-columns is-layout-flex wp-container-core-columns-is-layout-9d6595d7 wp-block-columns-is-layout-flex\">\n<p><\/p>\n<div class=\"wp-block-column is-layout-flow wp-block-column-is-layout-flow\">\n<p><!--Smart Slider #2 does NOT EXIST or has NO SLIDES!WordPress Shortcode--><\/p>\n<p><\/p>\n<h5 class=\"has-text-align-center\"><sup>Les jardins d'ornement pr\u00e9sentent une belle collection de fleurs et d'arbustes<\/sup><\/h5>\n<p><\/p>\n<\/div>\n<p><\/p>\n<p><\/p>\n<div class=\"wp-block-column is-layout-flow wp-block-column-is-layout-flow\">\n<p><!--Smart Slider #3 does NOT EXIST or has NO SLIDES!WordPress Shortcode--><\/p>\n<p><\/p>\n<h5 class=\"has-text-align-center\"><sup>Nous avons plus de 100 vari\u00e9t\u00e9s d'hostas<\/sup><\/h5>\n<p><\/p>\n<\/div>\n<p><\/p>\n<p><\/p>\n<div class=\"wp-block-column is-layout-flow wp-block-column-is-layout-flow\">\n<p><!--Smart Slider #4 does NOT EXIST or has NO SLIDES!WordPress Shortcode--><\/p>\n<p><\/p>\n<h5 class=\"has-text-align-center\"><sup>Dans notre \u00e9tang, nous avons un arrangement de plantes natives qui sont fertilis\u00e9es par notre syst\u00e8me aquaponique<\/sup><\/h5>\n<p><\/p>\n<\/div>\n<p><\/p>\n<\/div>\n<p><\/p>\n<\/div>\n<p><\/p>\n<\/div>\n<p><\/p>\n<\/div>\n<\/div><\/div>\n<p><\/p>\n<p><\/p>\n<div class=\"wp-block-group\"><div class=\"wp-block-group__inner-container\">\n<div class=\"wp-block-group__inner-container is-layout-flow wp-block-group-is-layout-flow\">\n<p><\/p>\n<div class=\"wp-block-columns is-layout-flex wp-container-core-columns-is-layout-9d6595d7 wp-block-columns-is-layout-flex\">\n<p><\/p>\n<div class=\"wp-block-column is-layout-flow wp-block-column-is-layout-flow\">\n<p><!--Smart Slider #5 does NOT EXIST or has NO SLIDES!WordPress Shortcode--><\/p>\n<p><\/p>\n<h5 class=\"has-text-align-center\"><sup>Une vari\u00e9t\u00e9 de l\u00e9gumes et de baies<\/sup><\/h5>\n<p><\/p>\n<\/div>\n<p><\/p>\n<p><\/p>\n<div class=\"wp-block-column is-layout-flow wp-block-column-is-layout-flow\">\n<p><!--Smart Slider #6 does NOT EXIST or has NO SLIDES!WordPress Shortcode--><\/p>\n<p><\/p>\n<h5 class=\"has-text-align-center\"><sup>Dans le jardin d'herbes, nous avons des herbes culinaires et m\u00e9dicinales<\/sup><\/h5>\n<p><\/p>\n<\/div>\n<p><\/p>\n<p><\/p>\n<div class=\"wp-block-column is-layout-flow wp-block-column-is-layout-flow\">\n<p><!--Smart Slider #7 does NOT EXIST or has NO SLIDES!WordPress Shortcode--><\/p>\n<p><\/p>\n<h5 class=\"has-text-align-center\"><sup>Pour se d\u00e9tendre, nous disposons de zones isol\u00e9es et paisibles<\/sup><\/h5>\n<p><\/p>\n<\/div>\n<p><\/p>\n<\/div>\n<p><\/p>\n<\/div>\n<\/div><\/div>\n<p><\/p>\n<\/div>\n<p><\/p>\n<\/div>\n<p><\/p>\n<p><\/p>\n<div class=\"wp-block-columns is-layout-flex wp-container-core-columns-is-layout-9d6595d7 wp-block-columns-is-layout-flex\">\n<p><\/p>\n<div class=\"wp-block-column is-layout-flow wp-block-column-is-layout-flow\">\n<p><!--Smart Slider #8 does NOT EXIST or has NO SLIDES!WordPress Shortcode--><\/p>\n<p><\/p>\n<h5 class=\"has-text-align-center\"><sup>Lors de la propagation, nous reproduisons et divisons les plantes<\/sup><\/h5>\n<p><\/p>\n<\/div>\n<p><\/p>\n<p><\/p>\n<div class=\"wp-block-column is-layout-flow wp-block-column-is-layout-flow\">\n<p><!--Smart Slider #9 does NOT EXIST or has NO SLIDES!WordPress Shortcode--><\/p>\n<p><\/p>\n<h5 class=\"has-text-align-center wp-block-heading\"><sup>Une vari\u00e9t\u00e9 d'arbres a \u00e9t\u00e9 plant\u00e9e pour border les limites de la propri\u00e9t\u00e9<\/sup><\/h5>\n<p><\/p>\n<\/div>\n<p><\/p>\n<p><\/p>\n<div class=\"wp-block-column is-layout-flow wp-block-column-is-layout-flow\">\n<p><!--Smart Slider #10 does NOT EXIST or has NO SLIDES!WordPress Shortcode--><\/p>\n<p><\/p>\n<h5 class=\"has-text-align-center\"><sup>Pour commencer, nos plantes restent dans la serre<\/sup><\/h5>\n<p><\/p>\n<\/div>\n<p><\/p>\n<\/div>\n<p><\/p>\n<p><!--Smart Slider #11 does NOT EXIST or has NO SLIDES!WordPress Shortcode--><\/p>\n<p><\/p>\n<div class=\"wp-block-spacer\" style=\"height: 58px;\" aria-hidden=\"true\">\u00a0<\/div>\n<p><\/p>\n<p><\/p>\n<h5 class=\"has-text-align-center wp-block-heading\"><sup>Voici une liste des projets \u00e0 venir - nous avons besoin de volontaires !<\/sup><\/h5>\n<p><\/p>\t\t\t\t\t\t\t\t<\/div>\n\t\t\t\t<\/div>\n\t\t\t\t\t<\/div>\n\t\t\t\t<\/div>\n\t\t\t\t<\/div>","protected":false},"excerpt":{"rendered":"<p>Jardins Domaine Decelles is a breathtaking oasis in Lac Ste-Marie with a direct view of the lake. Strolling through the 47 distinct gardens is a once in a lifetime experience for anyone to appreciate the natural beauty of plants, flowers and landscapes.\u00a0 Since our resort opened, different elements have been collected to build each unique garden which offer visitors a chance to explore the diversity of plant life. To get there, we dug the ground, moved and planted trees, and built paths from stones provided by neighbouring quarries. The concept of every garden is planned and brought to life by&#8230; <\/p>","protected":false},"author":1,"featured_media":0,"parent":0,"menu_order":0,"comment_status":"closed","ping_status":"closed","template":"template-parts\/page-template-no-sidebar.php","meta":{"_eb_attr":"","_monsterinsights_skip_tracking":false,"_monsterinsights_sitenote_active":false,"_monsterinsights_sitenote_note":"","_monsterinsights_sitenote_category":0,"_price":"","_stock":"","_tribe_ticket_header":"","_tribe_default_ticket_provider":"","_ticket_start_date":"","_ticket_end_date":"","_tribe_ticket_show_description":"","_tribe_ticket_show_not_going":false,"_tribe_ticket_use_global_stock":"","_tribe_ticket_global_stock_level":"","_global_stock_mode":"","_global_stock_cap":"","_tribe_rsvp_for_event":"","_tribe_ticket_going_count":"","_tribe_ticket_not_going_count":"","_tribe_tickets_list":"[]","_tribe_ticket_has_attendee_info_fields":false,"_EventAllDay":false,"_EventTimezone":"","_EventStartDate":"","_EventEndDate":"","_EventStartDateUTC":"","_EventEndDateUTC":"","_EventShowMap":false,"_EventShowMapLink":false,"_EventURL":"","_EventCost":"","_EventCostDescription":"","_EventCurrencySymbol":"","_EventCurrencyCode":"","_EventCurrencyPosition":"","_EventDateTimeSeparator":"","_EventTimeRangeSeparator":"","_EventOrganizerID":[],"_EventVenueID":[],"_OrganizerEmail":"","_OrganizerPhone":"","_OrganizerWebsite":"","_VenueAddress":"","_VenueCity":"","_VenueCountry":"","_VenueProvince":"","_VenueState":"","_VenueZip":"","_VenuePhone":"","_VenueURL":"","_VenueStateProvince":"","_VenueLat":"","_VenueLng":"","_VenueShowMap":false,"_VenueShowMapLink":false,"footnotes":"","_tec_slr_enabled":"","_tec_slr_layout":""},"class_list":["post-1639","page","type-page","status-publish","hentry"],"aioseo_notices":[],"ticketed":false,"_links":{"self":[{"href":"https:\/\/jardinsdomainedecelles.com\/fr\/wp-json\/wp\/v2\/pages\/1639","targetHints":{"allow":["GET"]}}],"collection":[{"href":"https:\/\/jardinsdomainedecelles.com\/fr\/wp-json\/wp\/v2\/pages"}],"about":[{"href":"https:\/\/jardinsdomainedecelles.com\/fr\/wp-json\/wp\/v2\/types\/page"}],"author":[{"embeddable":true,"href":"https:\/\/jardinsdomainedecelles.com\/fr\/wp-json\/wp\/v2\/users\/1"}],"replies":[{"embeddable":true,"href":"https:\/\/jardinsdomainedecelles.com\/fr\/wp-json\/wp\/v2\/comments?post=1639"}],"version-history":[{"count":73,"href":"https:\/\/jardinsdomainedecelles.com\/fr\/wp-json\/wp\/v2\/pages\/1639\/revisions"}],"predecessor-version":[{"id":3596,"href":"https:\/\/jardinsdomainedecelles.com\/fr\/wp-json\/wp\/v2\/pages\/1639\/revisions\/3596"}],"wp:attachment":[{"href":"https:\/\/jardinsdomainedecelles.com\/fr\/wp-json\/wp\/v2\/media?parent=1639"}],"curies":[{"name":"wp","href":"https:\/\/api.w.org\/{rel}","templated":true}]}}