{"id":1572,"date":"2023-04-13T17:20:53","date_gmt":"2023-04-13T17:20:53","guid":{"rendered":"https:\/\/jardinsdomainedecelles.com\/garden\/?page_id=1572"},"modified":"2026-01-30T11:20:37","modified_gmt":"2026-01-30T16:20:37","slug":"my-favorite-organic-gardening-links","status":"publish","type":"page","link":"https:\/\/jardinsdomainedecelles.com\/fr\/my-favorite-organic-gardening-links\/","title":{"rendered":"Mes liens favoris sur le jardinage biologique"},"content":{"rendered":"<div data-elementor-type=\"wp-page\" data-elementor-id=\"1572\" class=\"elementor elementor-1572\">\n\t\t\t\t<div class=\"elementor-element elementor-element-41b8c38 e-flex e-con-boxed e-con e-parent\" data-id=\"41b8c38\" data-element_type=\"container\" data-e-type=\"container\">\n\t\t\t\t\t<div class=\"e-con-inner\">\n\t\t\t\t<div class=\"elementor-element elementor-element-5de5fde elementor-widget elementor-widget-text-editor\" data-id=\"5de5fde\" data-element_type=\"widget\" data-e-type=\"widget\" data-widget_type=\"text-editor.default\">\n\t\t\t\t<div class=\"elementor-widget-container\">\n\t\t\t\t\t\t\t\t\t<h2 class=\"wp-block-heading has-text-align-center has-black-color has-text-color\" style=\"font-size: 15px;\"><strong>Avis \u00e0 tous les passionn\u00e9s de jardinage ! Nous sommes ravis de partager avec vous quelques-uns de nos liens pr\u00e9f\u00e9r\u00e9s concernant le jardinage biologique. Que vous soyez un jardinier chevronn\u00e9 ou un d\u00e9butant, ces ressources vous aideront \u00e0 cultiver des plantes belles et saines tout en promouvant la durabilit\u00e9 et la responsabilit\u00e9 environnementale.<\/strong><\/h2>\n<p><!-- \/wp:heading --><\/p>\n<p><!-- wp:paragraph --><\/p>\n<p><a href=\"https:\/\/tar2trees.wordpress.com\/2013\/03\/15\/what-is-moon-planting\/\" target=\"_blank\" rel=\"noreferrer noopener\">Qu'est-ce que la plantation lunaire ?<\/a><span style=\"color: #99cc00;\">g<\/span> &#8211; <a href=\"https:\/\/www.almanac.com\/content\/planting-by-the-moon#\" target=\"_blank\" rel=\"noreferrer noopener\">Planter en fonction de la lune<\/a> &#8211; <a href=\"https:\/\/www.almanac.com\/gardening\/planting-calendar\/postalcode\/J0X%201Z0\" target=\"_blank\" rel=\"noreferrer noopener\">Calendrier de plantation<\/a> &#8211; <a href=\"https:\/\/www.heeman.ca\/garden-guides\/companion-planting\/\" target=\"_blank\" rel=\"noreferrer noopener\" data-type=\"URL\" data-id=\"https:\/\/www.heeman.ca\/garden-guides\/companion-planting\/\">Guides de jardinage compagnons de plantation<\/a><a href=\"https:\/\/pfaf.org\/user\/Default.aspx\" target=\"_blank\" rel=\"noreferrer noopener\"> - Les usages comestibles, m\u00e9dicinaux et autres de plus de 8 000 plantes<\/a><\/p>\t\t\t\t\t\t\t\t<\/div>\n\t\t\t\t<\/div>\n\t\t\t\t\t<\/div>\n\t\t\t\t<\/div>\n\t\t<div class=\"elementor-element elementor-element-7ffbc7f e-flex e-con-boxed e-con e-parent\" data-id=\"7ffbc7f\" data-element_type=\"container\" data-e-type=\"container\">\n\t\t\t\t\t<div class=\"e-con-inner\">\n\t\t<div class=\"elementor-element elementor-element-a2e1302 e-con-full e-flex e-con e-child\" data-id=\"a2e1302\" data-element_type=\"container\" data-e-type=\"container\">\n\t\t\t\t<div class=\"elementor-element elementor-element-71c50de elementor-widget elementor-widget-image\" data-id=\"71c50de\" data-element_type=\"widget\" data-e-type=\"widget\" data-widget_type=\"image.default\">\n\t\t\t\t<div class=\"elementor-widget-container\">\n\t\t\t\t\t\t\t\t\t\t\t\t\t\t\t<img fetchpriority=\"high\" decoding=\"async\" width=\"768\" height=\"962\" src=\"https:\/\/jardinsdomainedecelles.com\/wp-content\/uploads\/2025\/05\/Phenology-768x962.png\" class=\"attachment-medium_large size-medium_large wp-image-3913\" alt=\"\" srcset=\"https:\/\/jardinsdomainedecelles.com\/wp-content\/uploads\/2025\/05\/Phenology-768x962.png 768w, https:\/\/jardinsdomainedecelles.com\/wp-content\/uploads\/2025\/05\/Phenology-239x300.png 239w, https:\/\/jardinsdomainedecelles.com\/wp-content\/uploads\/2025\/05\/Phenology-10x12.png 10w, https:\/\/jardinsdomainedecelles.com\/wp-content\/uploads\/2025\/05\/Phenology.png 798w\" sizes=\"(max-width: 768px) 100vw, 768px\" \/>\t\t\t\t\t\t\t\t\t\t\t\t\t\t\t<\/div>\n\t\t\t\t<\/div>\n\t\t\t\t<\/div>\n\t\t<div class=\"elementor-element elementor-element-271931f e-con-full e-flex e-con e-child\" data-id=\"271931f\" data-element_type=\"container\" data-e-type=\"container\">\n\t\t\t\t<div class=\"elementor-element elementor-element-aea9631 elementor-widget elementor-widget-text-editor\" data-id=\"aea9631\" data-element_type=\"widget\" data-e-type=\"widget\" data-widget_type=\"text-editor.default\">\n\t\t\t\t<div class=\"elementor-widget-container\">\n\t\t\t\t\t\t\t\t\t<div class=\"wp-block-spacer\" style=\"height: 25px; padding-left: 40px;\" aria-hidden=\"true\">\n<h2 class=\"wp-block-heading\">Phenology in the Garden<\/h2>\n<p>\u00a0<\/p>\n<\/div>\n<p data-start=\"99\" data-end=\"290\">\u00a0<\/p>\n<p class=\"\" style=\"padding-left: 40px;\" data-start=\"99\" data-end=\"290\"><strong data-start=\"99\" data-end=\"112\">Phenology<\/strong> is the study of seasonal changes in nature \u2014 like when flowers bloom, birds migrate, or leaves fall \u2014 and how these events signal the right time to plant, harvest, or observe.<\/p>\n<p class=\"\" style=\"padding-left: 40px;\" data-start=\"292\" data-end=\"513\">Gardeners have long used phenology to guide their planting, following nature\u2019s cues instead of fixed calendar dates. For example, when <strong data-start=\"427\" data-end=\"456\">dandelions begin to bloom<\/strong>, it means the <strong data-start=\"471\" data-end=\"512\">soil is warm enough to plant potatoes<\/strong>.<\/p>\n<p style=\"padding-left: 40px;\"><!-- \/wp:paragraph --><\/p>\n<p style=\"padding-left: 40px;\"><!-- wp:buttons --><\/p>\n<div class=\"wp-block-buttons\" style=\"padding-left: 40px;\">\n<p style=\"padding-left: 40px;\"><!-- wp:button {\"backgroundColor\":\"vivid-green-cyan\",\"className\":\"is-style-fill\"} --><\/p>\n<div class=\"wp-block-button is-style-fill\"><a class=\"wp-block-button__link has-vivid-green-cyan-background-color has-background wp-element-button\" href=\"https:\/\/www.almanac.com\/phenology-garden-planting-natures-signs\" target=\"_blank\" rel=\"https:\/\/www.almanac.com\/content\/planting-by-the-moon#:~:text=Plant%20your%20annual%20flowers%20and,to%20grow%20leaves%20and%20stems noopener\">Cliquez ici<\/a><\/div>\n<div>\u00a0<\/div>\n<div class=\"wp-block-button is-style-fill\"><a class=\"wp-block-button__link has-vivid-green-cyan-color has-text-color wp-element-button\" href=\"https:\/\/jardinsdomainedecelles.com\/fr\/phenology\/\" target=\"_blank\" rel=\"https:\/\/tar2trees.wordpress.com\/2013\/03\/15\/what-is-moon-planting\/ noopener\">Ou l\u00e0<\/a><\/div>\n<\/div>\t\t\t\t\t\t\t\t<\/div>\n\t\t\t\t<\/div>\n\t\t\t\t<\/div>\n\t\t\t\t\t<\/div>\n\t\t\t\t<\/div>\n\t\t<div class=\"elementor-element elementor-element-67f57485 e-flex e-con-boxed e-con e-parent\" data-id=\"67f57485\" data-element_type=\"container\" data-e-type=\"container\">\n\t\t\t\t\t<div class=\"e-con-inner\">\n\t\t\t\t<div class=\"elementor-element elementor-element-3e2dac00 elementor-widget elementor-widget-text-editor\" data-id=\"3e2dac00\" data-element_type=\"widget\" data-e-type=\"widget\" data-widget_type=\"text-editor.default\">\n\t\t\t\t<div class=\"elementor-widget-container\">\n\t\t\t\t\t\t\t\t\t<div class=\"wp-block-media-text alignwide is-stacked-on-mobile is-image-fill\">\n<figure class=\"wp-block-media-text__media\" style=\"background-image: url('https:\/\/jardinsdomainedecelles.com\/wp-content\/uploads\/2023\/04\/aron-visuals-DdoXpQXobQs-unsplash-1024x699.jpg'); background-position: 50% 50%;\"><img decoding=\"async\" width=\"1024\" height=\"699\" class=\"wp-image-1581 size-full\" src=\"https:\/\/jardinsdomainedecelles.com\/wp-content\/uploads\/2023\/04\/aron-visuals-DdoXpQXobQs-unsplash-1024x699.jpg\" alt=\"\" srcset=\"https:\/\/jardinsdomainedecelles.com\/wp-content\/uploads\/2023\/04\/aron-visuals-DdoXpQXobQs-unsplash-1024x699.jpg 1024w, https:\/\/jardinsdomainedecelles.com\/wp-content\/uploads\/2023\/04\/aron-visuals-DdoXpQXobQs-unsplash-300x205.jpg 300w, https:\/\/jardinsdomainedecelles.com\/wp-content\/uploads\/2023\/04\/aron-visuals-DdoXpQXobQs-unsplash-768x524.jpg 768w, https:\/\/jardinsdomainedecelles.com\/wp-content\/uploads\/2023\/04\/aron-visuals-DdoXpQXobQs-unsplash-1536x1048.jpg 1536w, https:\/\/jardinsdomainedecelles.com\/wp-content\/uploads\/2023\/04\/aron-visuals-DdoXpQXobQs-unsplash.jpg 1920w\" sizes=\"(max-width: 1024px) 100vw, 1024px\" \/><\/figure>\n<div class=\"wp-block-media-text__content\">\n<p><!-- wp:heading --><\/p>\n<h2 class=\"wp-block-heading\">Planter en fonction de la lune<\/h2>\n<p><!-- \/wp:heading --><\/p>\n<p><!-- wp:paragraph {\"align\":\"left\",\"placeholder\":\"Content\u2026\",\"fontSize\":\"normal\"} --><\/p>\n<p class=\"has-text-align-left has-normal-font-size\">Aux Jardins Domaine Decelles, nous travaillons avec la lune pour \u00e9tablir notre calendrier de plantation. Planter en fonction de la lune est une m\u00e9thode ancienne et approuv\u00e9e pour planifier votre jardin - les agriculteurs et les jardiniers l'utilisent depuis des ann\u00e9es !<\/p>\n<p><!-- \/wp:paragraph --><\/p>\n<p><!-- wp:paragraph {\"align\":\"left\",\"placeholder\":\"Content\u2026\",\"fontSize\":\"normal\"} --><\/p>\n<p class=\"has-text-align-left has-normal-font-size\">La connexion avec les phases de la Lune fait appel \u00e0 notre d\u00e9sir profond d'\u00eatre en phase avec la nature. Ces sites web peuvent vous donner des explications d\u00e9taill\u00e9es sur <b>Planter en fonction de la lune<\/b>.<\/p>\n<p><!-- \/wp:paragraph --><\/p>\n<p><!-- wp:buttons --><\/p>\n<div class=\"wp-block-buttons\">\n<p><!-- wp:button {\"backgroundColor\":\"vivid-green-cyan\",\"className\":\"is-style-fill\"} --><\/p>\n<div class=\"wp-block-button is-style-fill\"><a class=\"wp-block-button__link has-vivid-green-cyan-background-color has-background wp-element-button\" href=\"https:\/\/tar2trees.wordpress.com\/2013\/03\/15\/what-is-moon-planting\/\" target=\"_blank\" rel=\"https:\/\/www.almanac.com\/content\/planting-by-the-moon#:~:text=Plant%20your%20annual%20flowers%20and,to%20grow%20leaves%20and%20stems noopener\">Cliquez ici<\/a><\/div>\n<p><!-- \/wp:button --><\/p>\n<p><!-- wp:button {\"textColor\":\"vivid-green-cyan\",\"className\":\"is-style-outline\"} --><\/p>\n<div class=\"wp-block-button is-style-outline\"><a class=\"wp-block-button__link has-vivid-green-cyan-color has-text-color wp-element-button\" href=\"https:\/\/www.almanac.com\/content\/planting-by-the-moon#:~:text=Plant%20your%20annual%20flowers%20and,to%20grow%20leaves%20and%20stems.\" target=\"_blank\" rel=\"https:\/\/tar2trees.wordpress.com\/2013\/03\/15\/what-is-moon-planting\/ noopener\">Ou l\u00e0<\/a><\/div>\n<p><!-- \/wp:button --><\/p>\n<\/div>\n<p><!-- \/wp:buttons --><\/p>\n<\/div>\n<\/div>\n<p><!-- \/wp:media-text --><\/p>\n<p><!-- wp:spacer {\"height\":\"60px\"} --><\/p>\n<div class=\"wp-block-spacer\" style=\"height: 60px;\" aria-hidden=\"true\">\u00a0<\/div>\n<p><!-- \/wp:spacer --><\/p>\n<p><!-- wp:media-text {\"align\":\"wide\",\"mediaPosition\":\"right\",\"mediaId\":1579,\"mediaLink\":\"https:\/\/jardinsdomainedecelles.com\/my-favorite-organic-gardening-links\/ankhesenamun-szzeh-o0n80-unsplash\/#main\",\"mediaType\":\"image\",\"imageFill\":true} --><\/p>\n<div class=\"wp-block-media-text alignwide has-media-on-the-right is-stacked-on-mobile is-image-fill\">\n<div class=\"wp-block-media-text__content\">\n<p><!-- wp:heading --><\/p>\n<h2 class=\"wp-block-heading\">Quand planter dans votre r\u00e9gion<\/h2>\n<p><!-- \/wp:heading --><\/p>\n<p><!-- wp:paragraph {\"align\":\"left\",\"placeholder\":\"Content\u2026\",\"fontSize\":\"normal\"} --><\/p>\n<p class=\"has-text-align-left has-normal-font-size\">Si vous souhaitez <b>Planter en fonction de la lune<\/b> Pour planifier votre jardin, vous devez respecter certaines r\u00e8gles. Mais ne vous inqui\u00e9tez pas, il existe un moyen facile d'obtenir un calendrier qui comprend des informations telles que les dates moyennes des derni\u00e8res gel\u00e9es et les phases de la lune dans votre r\u00e9gion. Se lancer dans ce type de plantation est plus facile que vous ne l'imaginez !<\/p>\n<p><!-- \/wp:paragraph --><\/p>\n<p><!-- wp:buttons {\"layout\":{\"type\":\"flex\",\"justifyContent\":\"left\",\"orientation\":\"horizontal\"}} --><\/p>\n<div class=\"wp-block-buttons\">\n<p><!-- wp:button {\"backgroundColor\":\"vivid-green-cyan\"} --><\/p>\n<div class=\"wp-block-button\"><a class=\"wp-block-button__link has-vivid-green-cyan-background-color has-background wp-element-button\" href=\"https:\/\/www.almanac.com\/gardening\/planting-calendar\/postalcode\/J0X%201Z0\" target=\"_blank\" rel=\"noreferrer noopener\">Cliquez ici<\/a><\/div>\n<p><!-- \/wp:button --><\/p>\n<\/div>\n<p><!-- \/wp:buttons --><\/p>\n<\/div>\n<figure class=\"wp-block-media-text__media\" style=\"background-image: url('https:\/\/jardinsdomainedecelles.com\/wp-content\/uploads\/2023\/04\/ankhesenamun-SZZEh-O0n80-unsplash-1024x685.jpg'); background-position: 50% 50%;\"><img decoding=\"async\" width=\"1024\" height=\"685\" class=\"wp-image-1579 size-full\" src=\"https:\/\/jardinsdomainedecelles.com\/wp-content\/uploads\/2023\/04\/ankhesenamun-SZZEh-O0n80-unsplash-1024x685.jpg\" alt=\"\" srcset=\"https:\/\/jardinsdomainedecelles.com\/wp-content\/uploads\/2023\/04\/ankhesenamun-SZZEh-O0n80-unsplash-1024x685.jpg 1024w, https:\/\/jardinsdomainedecelles.com\/wp-content\/uploads\/2023\/04\/ankhesenamun-SZZEh-O0n80-unsplash-300x201.jpg 300w, https:\/\/jardinsdomainedecelles.com\/wp-content\/uploads\/2023\/04\/ankhesenamun-SZZEh-O0n80-unsplash-768x514.jpg 768w, https:\/\/jardinsdomainedecelles.com\/wp-content\/uploads\/2023\/04\/ankhesenamun-SZZEh-O0n80-unsplash-1536x1028.jpg 1536w, https:\/\/jardinsdomainedecelles.com\/wp-content\/uploads\/2023\/04\/ankhesenamun-SZZEh-O0n80-unsplash-2048x1371.jpg 2048w\" sizes=\"(max-width: 1024px) 100vw, 1024px\" \/><\/figure>\n<\/div>\n<p><!-- \/wp:media-text --><\/p>\n<p><!-- wp:spacer {\"height\":\"60px\"} --><\/p>\n<div class=\"wp-block-spacer\" style=\"height: 60px;\" aria-hidden=\"true\">\u00a0<\/div>\n<p><!-- \/wp:spacer --><\/p>\n<p><!-- wp:media-text {\"align\":\"wide\",\"mediaId\":1588,\"mediaLink\":\"https:\/\/jardinsdomainedecelles.com\/my-favorite-organic-gardening-links\/yoksel-zok-9ogpq8clhhq-unsplash\/#main\",\"mediaType\":\"image\",\"imageFill\":true} --><\/p>\n<div class=\"wp-block-media-text alignwide is-stacked-on-mobile is-image-fill\">\n<figure class=\"wp-block-media-text__media\" style=\"background-image: url('https:\/\/jardinsdomainedecelles.com\/wp-content\/uploads\/2023\/04\/yoksel-zok-9oGPq8ClHHQ-unsplash-681x1024.jpg'); background-position: 50% 50%;\"><img loading=\"lazy\" decoding=\"async\" width=\"681\" height=\"1024\" class=\"wp-image-1588 size-full\" src=\"https:\/\/jardinsdomainedecelles.com\/wp-content\/uploads\/2023\/04\/yoksel-zok-9oGPq8ClHHQ-unsplash-681x1024.jpg\" alt=\"\" srcset=\"https:\/\/jardinsdomainedecelles.com\/wp-content\/uploads\/2023\/04\/yoksel-zok-9oGPq8ClHHQ-unsplash-681x1024.jpg 681w, https:\/\/jardinsdomainedecelles.com\/wp-content\/uploads\/2023\/04\/yoksel-zok-9oGPq8ClHHQ-unsplash-199x300.jpg 199w, https:\/\/jardinsdomainedecelles.com\/wp-content\/uploads\/2023\/04\/yoksel-zok-9oGPq8ClHHQ-unsplash-768x1155.jpg 768w, https:\/\/jardinsdomainedecelles.com\/wp-content\/uploads\/2023\/04\/yoksel-zok-9oGPq8ClHHQ-unsplash-1021x1536.jpg 1021w, https:\/\/jardinsdomainedecelles.com\/wp-content\/uploads\/2023\/04\/yoksel-zok-9oGPq8ClHHQ-unsplash-1362x2048.jpg 1362w, https:\/\/jardinsdomainedecelles.com\/wp-content\/uploads\/2023\/04\/yoksel-zok-9oGPq8ClHHQ-unsplash-scaled.jpg 1702w\" sizes=\"(max-width: 681px) 100vw, 681px\" \/><\/figure>\n<div class=\"wp-block-media-text__content\">\n<p><!-- wp:heading --><\/p>\n<h2 class=\"wp-block-heading\">Compagnons de plantation et aversions<\/h2>\n<p><!-- \/wp:heading --><\/p>\n<p><!-- wp:paragraph {\"placeholder\":\"Content\u2026\",\"fontSize\":\"normal\"} --><\/p>\n<p class=\"has-normal-font-size\">Planter en fonction de la lune n'est pas la seule fa\u00e7on de planifier son jardin. Il existe d'autres moyens d'am\u00e9liorer vos plantes et l'am\u00e9nagement de votre jardin, notamment <b>La plantation d'accompagnement<\/b>Il peut contribuer \u00e0 augmenter les rendements, \u00e0 r\u00e9duire les maladies et \u00e0 limiter les nuisibles !<\/p>\n<p><!-- \/wp:paragraph --><\/p>\n<p><!-- wp:buttons {\"layout\":{\"type\":\"flex\",\"justifyContent\":\"left\",\"orientation\":\"horizontal\"}} --><\/p>\n<div class=\"wp-block-buttons\">\n<p><!-- wp:button {\"backgroundColor\":\"vivid-green-cyan\"} --><\/p>\n<div class=\"wp-block-button\"><a class=\"wp-block-button__link has-vivid-green-cyan-background-color has-background wp-element-button\" href=\"https:\/\/www.heeman.ca\/garden-guides\/companion-planting\/\" target=\"_blank\" rel=\"noreferrer noopener\">Cliquez ici<\/a><\/div>\n<p><!-- \/wp:button --><\/p>\n<\/div>\n<p><!-- \/wp:buttons --><\/p>\n<\/div>\n<\/div>\n<p><!-- \/wp:media-text --><\/p>\n<p><!-- wp:spacer {\"height\":\"60px\"} --><\/p>\n<div class=\"wp-block-spacer\" style=\"height: 60px;\" aria-hidden=\"true\">\u00a0<\/div>\n<p><!-- \/wp:spacer --><\/p>\n<p><!-- wp:media-text {\"align\":\"wide\",\"mediaPosition\":\"right\",\"mediaId\":1592,\"mediaLink\":\"https:\/\/jardinsdomainedecelles.com\/my-favorite-organic-gardening-links\/jonathan-kemper-vtxw4_5ssna-unsplash\/#main\",\"mediaType\":\"image\",\"imageFill\":true} --><\/p>\n<div class=\"wp-block-media-text alignwide has-media-on-the-right is-stacked-on-mobile is-image-fill\">\n<div class=\"wp-block-media-text__content\">\n<p><!-- wp:heading --><\/p>\n<h2 class=\"wp-block-heading\">PFAF \u00ab Plants for A Future \u00bb : Base de donn\u00e9es de plus de 8000 pages sur les plantes<\/h2>\n<p><!-- \/wp:heading --><\/p>\n<p><!-- wp:paragraph {\"placeholder\":\"Content\u2026\",\"fontSize\":\"normal\"} --><\/p>\n<p class=\"has-normal-font-size\">Vous avez toujours r\u00eav\u00e9 d'avoir un jardin avec une grande diversit\u00e9 de plantes ? Voulez-vous savoir combien de fa\u00e7ons vous pouvez utiliser vos plantes ? Plant for a Future (PFAF) fournit ces informations gr\u00e2ce \u00e0 sa base de donn\u00e9es de plus de 8000 plantes.<\/p>\n<p><!-- \/wp:paragraph --><\/p>\n<p><!-- wp:buttons --><\/p>\n<div class=\"wp-block-buttons\">\n<p><!-- wp:button {\"backgroundColor\":\"vivid-green-cyan\"} --><\/p>\n<div class=\"wp-block-button\"><a class=\"wp-block-button__link has-vivid-green-cyan-background-color has-background wp-element-button\" href=\"https:\/\/pfaf.org\/user\/Default.aspx\" target=\"_blank\" rel=\"noreferrer noopener\">Cliquez ici<\/a><\/div>\n<p><!-- \/wp:button --><\/p>\n<\/div>\n<p><!-- \/wp:buttons --><\/p>\n<\/div>\n<figure class=\"wp-block-media-text__media\" style=\"background-image: url('https:\/\/jardinsdomainedecelles.com\/wp-content\/uploads\/2023\/04\/jonathan-kemper-VTXw4_5SsNA-unsplash.jpg'); background-position: 50% 50%;\"><img loading=\"lazy\" decoding=\"async\" width=\"640\" height=\"960\" class=\"wp-image-1592 size-full\" src=\"https:\/\/jardinsdomainedecelles.com\/wp-content\/uploads\/2023\/04\/jonathan-kemper-VTXw4_5SsNA-unsplash.jpg\" alt=\"\" srcset=\"https:\/\/jardinsdomainedecelles.com\/wp-content\/uploads\/2023\/04\/jonathan-kemper-VTXw4_5SsNA-unsplash.jpg 640w, https:\/\/jardinsdomainedecelles.com\/wp-content\/uploads\/2023\/04\/jonathan-kemper-VTXw4_5SsNA-unsplash-200x300.jpg 200w\" sizes=\"(max-width: 640px) 100vw, 640px\" \/><\/figure>\n<\/div>\n<p><!-- \/wp:media-text --><\/p>\n<p><!-- wp:paragraph --><\/p>\n<p><!-- \/wp:paragraph --><\/p>\t\t\t\t\t\t\t\t<\/div>\n\t\t\t\t<\/div>\n\t\t\t\t\t<\/div>\n\t\t\t\t<\/div>\n\t\t<div class=\"elementor-element elementor-element-a45ce02 e-flex e-con-boxed e-con e-parent\" data-id=\"a45ce02\" data-element_type=\"container\" data-e-type=\"container\">\n\t\t\t\t\t<div class=\"e-con-inner\">\n\t\t\t\t\t<\/div>\n\t\t\t\t<\/div>\n\t\t<div class=\"elementor-element elementor-element-d94f31a e-flex e-con-boxed e-con e-parent\" data-id=\"d94f31a\" data-element_type=\"container\" data-e-type=\"container\">\n\t\t\t\t\t<div class=\"e-con-inner\">\n\t\t<div class=\"elementor-element elementor-element-d884cc1 e-con-full e-flex e-con e-child\" data-id=\"d884cc1\" data-element_type=\"container\" data-e-type=\"container\">\n\t\t\t\t<div class=\"elementor-element elementor-element-cce4d99 elementor-widget elementor-widget-image\" data-id=\"cce4d99\" data-element_type=\"widget\" data-e-type=\"widget\" data-widget_type=\"image.default\">\n\t\t\t\t<div class=\"elementor-widget-container\">\n\t\t\t\t\t\t\t\t\t\t\t\t\t\t\t<img loading=\"lazy\" decoding=\"async\" width=\"400\" height=\"400\" src=\"https:\/\/jardinsdomainedecelles.com\/wp-content\/uploads\/2026\/01\/energetique-des-plantes-400x400.png\" class=\"attachment-team-thumbnail size-team-thumbnail wp-image-4243\" alt=\"energetique plantes\" srcset=\"https:\/\/jardinsdomainedecelles.com\/wp-content\/uploads\/2026\/01\/energetique-des-plantes-400x400.png 400w, https:\/\/jardinsdomainedecelles.com\/wp-content\/uploads\/2026\/01\/energetique-des-plantes-300x300.png 300w, https:\/\/jardinsdomainedecelles.com\/wp-content\/uploads\/2026\/01\/energetique-des-plantes-150x150.png 150w, https:\/\/jardinsdomainedecelles.com\/wp-content\/uploads\/2026\/01\/energetique-des-plantes-12x12.png 12w, https:\/\/jardinsdomainedecelles.com\/wp-content\/uploads\/2026\/01\/energetique-des-plantes.png 500w\" sizes=\"(max-width: 400px) 100vw, 400px\" \/>\t\t\t\t\t\t\t\t\t\t\t\t\t\t\t<\/div>\n\t\t\t\t<\/div>\n\t\t\t\t<\/div>\n\t\t<div class=\"elementor-element elementor-element-245a124 e-con-full e-flex e-con e-child\" data-id=\"245a124\" data-element_type=\"container\" data-e-type=\"container\">\n\t\t\t\t<div class=\"elementor-element elementor-element-2c53540 elementor-widget elementor-widget-text-editor\" data-id=\"2c53540\" data-element_type=\"widget\" data-e-type=\"widget\" data-widget_type=\"text-editor.default\">\n\t\t\t\t<div class=\"elementor-widget-container\">\n\t\t\t\t\t\t\t\t\t<h1>\u00c9nerg\u00e9tique des plantes<\/h1>\n<p>This article introduces plant energetics, an ancient yet practical way to understand how plants affect the body through qualities like warming or cooling, drying or moistening, and tonifying or relaxing. Rooted in traditional wisdom and modern American herbalism, this approach reconnects us to our senses and offers a simple, intuitive way to choose the right plants to restore balance.<\/p>\n<p>&nbsp;<\/p>\n<p><!-- wp:buttons {\"layout\":{\"type\":\"flex\",\"justifyContent\":\"left\",\"orientation\":\"horizontal\"}} --><\/p>\n<div class=\"wp-block-buttons\">\n<p><!-- wp:button {\"backgroundColor\":\"vivid-green-cyan\"} --><\/p>\n<div class=\"wp-block-button\"><a class=\"wp-block-button__link has-vivid-green-cyan-background-color has-background wp-element-button\" href=\"https:\/\/www.altheaprovence.com\/blog\/wp-content\/uploads\/2023\/09\/energetique-des-plantes.png\" target=\"_blank\" rel=\"noreferrer noopener\">Cliquez ici<\/a><\/div>\n<p><!-- \/wp:button --><\/p>\n<\/div>\n<p><!-- \/wp:buttons --><\/p>\n<\/div>\n\t\t\t\t\t\t\t\t<\/div>\n\t\t\t\t<\/div>\n\t\t\t\t<\/div>\n\t\t\t\t\t<\/div>\n\t\t\t\t<\/div>\n\t\t\t\t<\/div>","protected":false},"excerpt":{"rendered":"<p>Attention all gardening enthusiasts! We are thrilled to share some of our favorite links related to organic gardening. Whether you are a seasoned gardener or just starting out, these resources will help you grow beautiful and healthy plants whilst also promoting sustainability and environmental responsibility. What is moon-planting &#8211; Planting by the moon &#8211; Planting calendar &#8211; Garden-guides companion-planting &#8211; Edible, Medicinal and other uses of over 8,000 plants Phenology in the Garden \u00a0 \u00a0 Phenology is the study of seasonal changes in nature \u2014 like when flowers bloom, birds migrate, or leaves fall \u2014 and how these events signal&#8230; <\/p>","protected":false},"author":1,"featured_media":0,"parent":0,"menu_order":0,"comment_status":"closed","ping_status":"closed","template":"template-parts\/page-template-full-width.php","meta":{"_eb_attr":"","_monsterinsights_skip_tracking":false,"_monsterinsights_sitenote_active":false,"_monsterinsights_sitenote_note":"","_monsterinsights_sitenote_category":0,"_price":"","_stock":"","_tribe_ticket_header":"","_tribe_default_ticket_provider":"","_ticket_start_date":"","_ticket_end_date":"","_tribe_ticket_show_description":"","_tribe_ticket_show_not_going":false,"_tribe_ticket_use_global_stock":"","_tribe_ticket_global_stock_level":"","_global_stock_mode":"","_global_stock_cap":"","_tribe_rsvp_for_event":"","_tribe_ticket_going_count":"","_tribe_ticket_not_going_count":"","_tribe_tickets_list":"[]","_tribe_ticket_has_attendee_info_fields":false,"_EventAllDay":false,"_EventTimezone":"","_EventStartDate":"","_EventEndDate":"","_EventStartDateUTC":"","_EventEndDateUTC":"","_EventShowMap":false,"_EventShowMapLink":false,"_EventURL":"","_EventCost":"","_EventCostDescription":"","_EventCurrencySymbol":"","_EventCurrencyCode":"","_EventCurrencyPosition":"","_EventDateTimeSeparator":"","_EventTimeRangeSeparator":"","_EventOrganizerID":[],"_EventVenueID":[],"_OrganizerEmail":"","_OrganizerPhone":"","_OrganizerWebsite":"","_VenueAddress":"","_VenueCity":"","_VenueCountry":"","_VenueProvince":"","_VenueState":"","_VenueZip":"","_VenuePhone":"","_VenueURL":"","_VenueStateProvince":"","_VenueLat":"","_VenueLng":"","_VenueShowMap":false,"_VenueShowMapLink":false,"footnotes":"","_tec_slr_enabled":"","_tec_slr_layout":""},"class_list":["post-1572","page","type-page","status-publish","hentry"],"aioseo_notices":[],"ticketed":false,"_links":{"self":[{"href":"https:\/\/jardinsdomainedecelles.com\/fr\/wp-json\/wp\/v2\/pages\/1572","targetHints":{"allow":["GET"]}}],"collection":[{"href":"https:\/\/jardinsdomainedecelles.com\/fr\/wp-json\/wp\/v2\/pages"}],"about":[{"href":"https:\/\/jardinsdomainedecelles.com\/fr\/wp-json\/wp\/v2\/types\/page"}],"author":[{"embeddable":true,"href":"https:\/\/jardinsdomainedecelles.com\/fr\/wp-json\/wp\/v2\/users\/1"}],"replies":[{"embeddable":true,"href":"https:\/\/jardinsdomainedecelles.com\/fr\/wp-json\/wp\/v2\/comments?post=1572"}],"version-history":[{"count":59,"href":"https:\/\/jardinsdomainedecelles.com\/fr\/wp-json\/wp\/v2\/pages\/1572\/revisions"}],"predecessor-version":[{"id":4250,"href":"https:\/\/jardinsdomainedecelles.com\/fr\/wp-json\/wp\/v2\/pages\/1572\/revisions\/4250"}],"wp:attachment":[{"href":"https:\/\/jardinsdomainedecelles.com\/fr\/wp-json\/wp\/v2\/media?parent=1572"}],"curies":[{"name":"wp","href":"https:\/\/api.w.org\/{rel}","templated":true}]}}