{"id":1516,"date":"2019-08-13T23:15:11","date_gmt":"2019-08-13T23:15:11","guid":{"rendered":"https:\/\/jardinsdomainedecelles.com\/garden\/?page_id=1516"},"modified":"2024-06-06T16:49:38","modified_gmt":"2024-06-06T20:49:38","slug":"guided-tour","status":"publish","type":"page","link":"https:\/\/jardinsdomainedecelles.com\/fr\/visit\/guided-tour\/","title":{"rendered":"Visite guid\u00e9e"},"content":{"rendered":"<div data-elementor-type=\"wp-page\" data-elementor-id=\"1516\" class=\"elementor elementor-1516\">\n\t\t\t\t<div class=\"elementor-element elementor-element-56a86341 e-flex e-con-boxed e-con e-parent\" data-id=\"56a86341\" data-element_type=\"container\" data-e-type=\"container\">\n\t\t\t\t\t<div class=\"e-con-inner\">\n\t\t\t\t<div class=\"elementor-element elementor-element-3e70d00c elementor-widget elementor-widget-text-editor\" data-id=\"3e70d00c\" data-element_type=\"widget\" data-e-type=\"widget\" data-widget_type=\"text-editor.default\">\n\t\t\t\t<div class=\"elementor-widget-container\">\n\t\t\t\t\t\t\t\t\t<p><\/p>\n<div class=\"wp-block-cover has-parallax\" style=\"min-height: 194px;aspect-ratio:unset;\">\n<p class=\"wp-block-cover__image-background wp-image-1411 has-parallax\" style=\"background-position: 50% 50%; background-image: url('https:\/\/jardinsdomainedecelles.com\/wp-content\/uploads\/2019\/08\/slider_main.jpg');\" role=\"img\">\n<\/p><div class=\"wp-block-cover__inner-container is-layout-flow wp-block-cover-is-layout-flow\">\n<p><\/p>\n<p class=\"has-text-align-center has-large-font-size\">\n<\/p><p><\/p>\n<\/div>\n<\/div>\n<p><\/p>\n<p><\/p>\n<div class=\"wp-block-spacer\" style=\"height: 50px;\" aria-hidden=\"true\">&nbsp;<\/div>\n<p><\/p>\n<p><\/p>\n<p>Jardins Domaine Decelles proposent une visite guid\u00e9e avec les connaissances de notre expert.<\/p>\n<p><span style=\"color: #353535; font-family: 'Open Sans'; font-size: 28px; text-align: var(--text-align); font-weight: var( --e-global-typography-text-font-weight );\">&nbsp;<\/span><\/p>\n<p><span style=\"color: #353535; font-family: 'Open Sans'; font-size: 28px; text-align: var(--text-align); font-weight: var( --e-global-typography-text-font-weight );\">47 jardins<\/span><\/p>\n<p><\/p>\n<p><\/p>\n<p>En plus de l'acc\u00e8s gratuit \u00e0 nos nombreux jardins, nous proposons \u00e9galement des visites guid\u00e9es \u00e0 nos h\u00f4tes. Alain, le propri\u00e9taire et jardinier passionn\u00e9, vous emm\u00e8nera visiter nos 47 jardins uniques, chacun ayant sa th\u00e9matique, son histoire et son charme. Vous d\u00e9couvrirez les plantes et les fleurs originaires de notre r\u00e9gion et l'histoire de chaque jardin. Notre guide vous expliquera \u00e9galement l'importance de la durabilit\u00e9 et du respect de l'environnement dans les activit\u00e9s de notre domaine.<\/p>\n<p><\/p>\n<p><\/p>\n<h2 class=\"wp-block-heading\">Syst\u00e8me d'aquaponie<\/h2>\n<p><\/p>\n<p><\/p>\n<p>L'un des points forts de la visite est notre syst\u00e8me d'aquaponie. Nos h\u00f4tes peuvent voir de leurs propres yeux comment nous utilisons des techniques durables pour cultiver des plantes et l\u00e9gumes naturels. Le syst\u00e8me utilise les d\u00e9chets produits par nos poissons pour fertiliser les plantes, cr\u00e9ant ainsi un syst\u00e8me en boucle ferm\u00e9e \u00e0 la fois efficace et respectueux de l'environnement.<\/p>\n<p><\/p>\n<p><\/p>\n<p>Nous sommes tr\u00e8s fiers d'offrir \u00e0 nos clients une exp\u00e9rience unique et \u00e9ducative. Notre guide, Alain, est passionn\u00e9 par le partage de ses connaissances et r\u00e9pond \u00e0 toutes vos questions. Que vous soyez un passionn\u00e9 de jardinage ou que vous appr\u00e9ciez simplement la beaut\u00e9 de la nature, notre visite est \u00e0 ne pas manquer lors de votre s\u00e9jour dans notre Resort.<\/p>\n<p><\/p>\n<p><\/p>\n<p><\/p>\t\t\t\t\t\t\t\t<\/div>\n\t\t\t\t<\/div>\n\t\t\t\t\t<\/div>\n\t\t\t\t<\/div>\n\t\t\t\t<\/div>","protected":false},"excerpt":{"rendered":"<p>Jardins Domaine Decelles offers a guided tour with knowledge from our expert. &nbsp; 47 gardens In addition to complimentary access to our many gardens, we also provide guided tours for our guests. Alain, the owner and a passionate gardener, will take you on a tour of our 47 unique gardens, each with its own theme, story and charm. You can learn about the plants and flowers that are native to our region and the history behind each garden&#8217;s design. Our guide will also explain the importance of sustainability and eco-friendliness in our resort&#8217;s operations. Aquaponic fish system One of the&#8230; <\/p>","protected":false},"author":1,"featured_media":0,"parent":1423,"menu_order":0,"comment_status":"closed","ping_status":"closed","template":"template-parts\/page-template-no-sidebar.php","meta":{"_eb_attr":"","_monsterinsights_skip_tracking":false,"_monsterinsights_sitenote_active":false,"_monsterinsights_sitenote_note":"","_monsterinsights_sitenote_category":0,"_price":"","_stock":"","_tribe_ticket_header":"","_tribe_default_ticket_provider":"","_ticket_start_date":"","_ticket_end_date":"","_tribe_ticket_show_description":"","_tribe_ticket_show_not_going":false,"_tribe_ticket_use_global_stock":"","_tribe_ticket_global_stock_level":"","_global_stock_mode":"","_global_stock_cap":"","_tribe_rsvp_for_event":"","_tribe_ticket_going_count":"","_tribe_ticket_not_going_count":"","_tribe_tickets_list":"[]","_tribe_ticket_has_attendee_info_fields":false,"_EventAllDay":false,"_EventTimezone":"","_EventStartDate":"","_EventEndDate":"","_EventStartDateUTC":"","_EventEndDateUTC":"","_EventShowMap":false,"_EventShowMapLink":false,"_EventURL":"","_EventCost":"","_EventCostDescription":"","_EventCurrencySymbol":"","_EventCurrencyCode":"","_EventCurrencyPosition":"","_EventDateTimeSeparator":"","_EventTimeRangeSeparator":"","_EventOrganizerID":[],"_EventVenueID":[],"_OrganizerEmail":"","_OrganizerPhone":"","_OrganizerWebsite":"","_VenueAddress":"","_VenueCity":"","_VenueCountry":"","_VenueProvince":"","_VenueState":"","_VenueZip":"","_VenuePhone":"","_VenueURL":"","_VenueStateProvince":"","_VenueLat":"","_VenueLng":"","_VenueShowMap":false,"_VenueShowMapLink":false,"footnotes":"","_tec_slr_enabled":"","_tec_slr_layout":""},"class_list":["post-1516","page","type-page","status-publish","hentry"],"aioseo_notices":[],"ticketed":false,"_links":{"self":[{"href":"https:\/\/jardinsdomainedecelles.com\/fr\/wp-json\/wp\/v2\/pages\/1516","targetHints":{"allow":["GET"]}}],"collection":[{"href":"https:\/\/jardinsdomainedecelles.com\/fr\/wp-json\/wp\/v2\/pages"}],"about":[{"href":"https:\/\/jardinsdomainedecelles.com\/fr\/wp-json\/wp\/v2\/types\/page"}],"author":[{"embeddable":true,"href":"https:\/\/jardinsdomainedecelles.com\/fr\/wp-json\/wp\/v2\/users\/1"}],"replies":[{"embeddable":true,"href":"https:\/\/jardinsdomainedecelles.com\/fr\/wp-json\/wp\/v2\/comments?post=1516"}],"version-history":[{"count":34,"href":"https:\/\/jardinsdomainedecelles.com\/fr\/wp-json\/wp\/v2\/pages\/1516\/revisions"}],"predecessor-version":[{"id":3667,"href":"https:\/\/jardinsdomainedecelles.com\/fr\/wp-json\/wp\/v2\/pages\/1516\/revisions\/3667"}],"up":[{"embeddable":true,"href":"https:\/\/jardinsdomainedecelles.com\/fr\/wp-json\/wp\/v2\/pages\/1423"}],"wp:attachment":[{"href":"https:\/\/jardinsdomainedecelles.com\/fr\/wp-json\/wp\/v2\/media?parent=1516"}],"curies":[{"name":"wp","href":"https:\/\/api.w.org\/{rel}","templated":true}]}}