{"id":1514,"date":"2019-08-13T23:12:53","date_gmt":"2019-08-13T23:12:53","guid":{"rendered":"https:\/\/jardinsdomainedecelles.com\/garden\/?page_id=1514"},"modified":"2024-06-06T16:50:07","modified_gmt":"2024-06-06T20:50:07","slug":"leisure-visit","status":"publish","type":"page","link":"https:\/\/jardinsdomainedecelles.com\/fr\/visit\/leisure-visit\/","title":{"rendered":"Visite loisirs"},"content":{"rendered":"<div data-elementor-type=\"wp-page\" data-elementor-id=\"1514\" class=\"elementor elementor-1514\">\n\t\t\t\t<div class=\"elementor-element elementor-element-1a5ac4b2 e-flex e-con-boxed e-con e-parent\" data-id=\"1a5ac4b2\" data-element_type=\"container\" data-e-type=\"container\">\n\t\t\t\t\t<div class=\"e-con-inner\">\n\t\t\t\t<div class=\"elementor-element elementor-element-2df413f2 elementor-widget elementor-widget-text-editor\" data-id=\"2df413f2\" data-element_type=\"widget\" data-e-type=\"widget\" data-widget_type=\"text-editor.default\">\n\t\t\t\t<div class=\"elementor-widget-container\">\n\t\t\t\t\t\t\t\t\t<p><\/p>\n<div class=\"wp-block-cover has-parallax\" style=\"min-height:193px;aspect-ratio:unset;\">\n<p><span aria-hidden=\"true\" class=\"wp-block-cover__background has-background-dim\"><\/span><\/p>\n<div role=\"img\" class=\"wp-block-cover__image-background wp-image-1857 has-parallax\" style=\"background-position:50% 50%;background-image:url(https:\/\/jardinsdomainedecelles.com\/wp-content\/uploads\/2023\/04\/DJI_0073-scaled.jpg)\"><\/div>\n<div class=\"wp-block-cover__inner-container is-layout-flow wp-block-cover-is-layout-flow\">\n<p><\/p>\n<p class=\"has-text-align-center has-large-font-size\">\n<\/p><p><\/p>\n<\/div>\n<\/div>\n<p><\/p>\n<p><\/p>\n<div style=\"height:51px\" aria-hidden=\"true\" class=\"wp-block-spacer\"><\/div>\n<p><\/p>\n<p><\/p>\n<h2 class=\"wp-block-heading\">Un h\u00e9bergement de qualit\u00e9<\/h2>\n<p><\/p>\n<p><\/p>\n<p>Notre Resort offre une exp\u00e9rience unique \u00e0 nos clients, qui peuvent profiter d'un h\u00e9bergement confortable entour\u00e9 de nature et visiter nos magnifiques jardins. Nous proposons une vari\u00e9t\u00e9 de chambres et de suites qui s\u2019adaptent \u00e0 vos pr\u00e9f\u00e9rences et votre budget.<\/p>\n<p><\/p>\n<p><\/p>\n<h2 class=\"wp-block-heading\">Entour\u00e9 d'une oasis naturelle<\/h2>\n<p><\/p>\n<p><\/p>\n<p>Notre jardin est une oasis au sein de notre domaine. Il est rempli de plantes et de fleurs qui cr\u00e9ent un environnement serein et vous donne acc\u00e8s \u00e0 une large gamme de l\u00e9gumes et d'herbes aromatiques cultiv\u00e9s naturellement. Vous pouvez vous promener dans les nombreux jardins tout en profitant de l'air frais et du magnifique paysage. C'est un endroit id\u00e9al pour se d\u00e9tendre et \u00e9chapper \u00e0 l'agitation de la vie quotidienne.<\/p>\n<p><\/p>\n<p><\/p>\n<p>Dans notre Resort, nous accordons la priorit\u00e9 au confort et \u00e0 la satisfaction de nos clients. Nous nous effor\u00e7ons de fournir un service exceptionnel et de veiller \u00e0 ce que nos clients passent un s\u00e9jour agr\u00e9able. Que ce soit pour une escapade d'un week-end ou pour des vacances prolong\u00e9es, notre \u00e9tablissement est la destination id\u00e9ale pour ceux qui recherchent une retraite paisible.<\/p>\n<p><\/p>\n<p><\/p>\n<div class=\"wp-block-buttons is-horizontal is-content-justification-center is-layout-flex wp-container-core-buttons-is-layout-499968f5 wp-block-buttons-is-layout-flex\">\n<p><\/p>\n<div class=\"wp-block-button\"><a class=\"wp-block-button__link wp-element-button\" href=\"https:\/\/resortlacstemarie.com\" target=\"_blank\" rel=\"noreferrer noopener\">Acc\u00e9der au site du Resort<\/a><\/div>\n<p><\/p>\n<\/div>\n<p><\/p>\n<p><\/p>\n<p><\/p>\t\t\t\t\t\t\t\t<\/div>\n\t\t\t\t<\/div>\n\t\t\t\t\t<\/div>\n\t\t\t\t<\/div>\n\t\t\t\t<\/div>","protected":false},"excerpt":{"rendered":"<p>Great accommodation Our resort offers a unique experience for our guests where they can enjoy comfortable accommodation surrounded by nature, including visiting our beautiful gardens. We offer a variety of rooms and suites that cater to different preferences and budgets. Surrounded by a natural oasis Our garden is a natural oasis within our resort. It&#8217;s filled with plants and flowers that create a serene environment and gives you access to a wide range of naturally grown vegetables and herbs. Our guests can take a stroll through the many gardens whilst enjoying the fresh air and beautiful scenery. It&#8217;s a great&#8230; <\/p>","protected":false},"author":1,"featured_media":0,"parent":1423,"menu_order":0,"comment_status":"closed","ping_status":"closed","template":"template-parts\/page-template-no-sidebar.php","meta":{"_eb_attr":"","_monsterinsights_skip_tracking":false,"_monsterinsights_sitenote_active":false,"_monsterinsights_sitenote_note":"","_monsterinsights_sitenote_category":0,"_price":"","_stock":"","_tribe_ticket_header":"","_tribe_default_ticket_provider":"","_ticket_start_date":"","_ticket_end_date":"","_tribe_ticket_show_description":"","_tribe_ticket_show_not_going":false,"_tribe_ticket_use_global_stock":"","_tribe_ticket_global_stock_level":"","_global_stock_mode":"","_global_stock_cap":"","_tribe_rsvp_for_event":"","_tribe_ticket_going_count":"","_tribe_ticket_not_going_count":"","_tribe_tickets_list":"[]","_tribe_ticket_has_attendee_info_fields":false,"_EventAllDay":false,"_EventTimezone":"","_EventStartDate":"","_EventEndDate":"","_EventStartDateUTC":"","_EventEndDateUTC":"","_EventShowMap":false,"_EventShowMapLink":false,"_EventURL":"","_EventCost":"","_EventCostDescription":"","_EventCurrencySymbol":"","_EventCurrencyCode":"","_EventCurrencyPosition":"","_EventDateTimeSeparator":"","_EventTimeRangeSeparator":"","_EventOrganizerID":[],"_EventVenueID":[],"_OrganizerEmail":"","_OrganizerPhone":"","_OrganizerWebsite":"","_VenueAddress":"","_VenueCity":"","_VenueCountry":"","_VenueProvince":"","_VenueState":"","_VenueZip":"","_VenuePhone":"","_VenueURL":"","_VenueStateProvince":"","_VenueLat":"","_VenueLng":"","_VenueShowMap":false,"_VenueShowMapLink":false,"footnotes":"","_tec_slr_enabled":"","_tec_slr_layout":""},"class_list":["post-1514","page","type-page","status-publish","hentry"],"aioseo_notices":[],"ticketed":false,"_links":{"self":[{"href":"https:\/\/jardinsdomainedecelles.com\/fr\/wp-json\/wp\/v2\/pages\/1514","targetHints":{"allow":["GET"]}}],"collection":[{"href":"https:\/\/jardinsdomainedecelles.com\/fr\/wp-json\/wp\/v2\/pages"}],"about":[{"href":"https:\/\/jardinsdomainedecelles.com\/fr\/wp-json\/wp\/v2\/types\/page"}],"author":[{"embeddable":true,"href":"https:\/\/jardinsdomainedecelles.com\/fr\/wp-json\/wp\/v2\/users\/1"}],"replies":[{"embeddable":true,"href":"https:\/\/jardinsdomainedecelles.com\/fr\/wp-json\/wp\/v2\/comments?post=1514"}],"version-history":[{"count":18,"href":"https:\/\/jardinsdomainedecelles.com\/fr\/wp-json\/wp\/v2\/pages\/1514\/revisions"}],"predecessor-version":[{"id":3625,"href":"https:\/\/jardinsdomainedecelles.com\/fr\/wp-json\/wp\/v2\/pages\/1514\/revisions\/3625"}],"up":[{"embeddable":true,"href":"https:\/\/jardinsdomainedecelles.com\/fr\/wp-json\/wp\/v2\/pages\/1423"}],"wp:attachment":[{"href":"https:\/\/jardinsdomainedecelles.com\/fr\/wp-json\/wp\/v2\/media?parent=1514"}],"curies":[{"name":"wp","href":"https:\/\/api.w.org\/{rel}","templated":true}]}}