{"id":1492,"date":"2019-08-13T22:54:50","date_gmt":"2019-08-13T22:54:50","guid":{"rendered":"https:\/\/jardinsdomainedecelles.com\/garden\/?page_id=1492"},"modified":"2024-11-22T12:35:09","modified_gmt":"2024-11-22T17:35:09","slug":"seminar-workshop","status":"publish","type":"page","link":"https:\/\/jardinsdomainedecelles.com\/fr\/learn\/seminar-workshop\/","title":{"rendered":"S\u00e9minaire\/Atelier"},"content":{"rendered":"<div data-elementor-type=\"wp-page\" data-elementor-id=\"1492\" class=\"elementor elementor-1492\">\n\t\t\t\t<div class=\"elementor-element elementor-element-198a59fc e-flex e-con-boxed e-con e-parent\" data-id=\"198a59fc\" data-element_type=\"container\" data-e-type=\"container\">\n\t\t\t\t\t<div class=\"e-con-inner\">\n\t\t\t\t<div class=\"elementor-element elementor-element-5eb77757 elementor-widget elementor-widget-text-editor\" data-id=\"5eb77757\" data-element_type=\"widget\" data-e-type=\"widget\" data-widget_type=\"text-editor.default\">\n\t\t\t\t<div class=\"elementor-widget-container\">\n\t\t\t\t\t\t\t\t\t<p><\/p>\n<div class=\"wp-block-cover\" style=\"min-height: 198px;aspect-ratio:unset;\">\n<p><img fetchpriority=\"high\" decoding=\"async\" width=\"403\" height=\"331\" class=\"wp-block-cover__image-background wp-image-1349\" src=\"https:\/\/jardinsdomainedecelles.com\/wp-content\/uploads\/2018\/12\/blog04.jpg\" alt=\"\" data-object-fit=\"cover\" srcset=\"https:\/\/jardinsdomainedecelles.com\/wp-content\/uploads\/2018\/12\/blog04.jpg 403w, https:\/\/jardinsdomainedecelles.com\/wp-content\/uploads\/2018\/12\/blog04-300x246.jpg 300w\" sizes=\"(max-width: 403px) 100vw, 403px\" \/><\/p>\n<div class=\"wp-block-cover__inner-container is-layout-flow wp-block-cover-is-layout-flow\">\n<p><\/p>\n<p class=\"has-text-align-center has-large-font-size\">\n<\/p><p><\/p>\n<\/div>\n<\/div>\n<p><\/p>\n<p><\/p>\n<p>Jardins Domaine Decelles offre une exp\u00e9rience unique et enrichissante aux familles et aux groupes. Notre domaine est connu pour la beaut\u00e9 de ses paysages. Nous souhaitons partager avec vous notre passion pour le jardinage \u00e0 travers nos ateliers et nos s\u00e9minaires.<\/p>\n<p><\/p>\n<p><\/p>\n<h2 class=\"wp-block-heading\">Choisissez parmi nos diff\u00e9rentes formules<\/h2>\n<p><\/p>\n<p><\/p>\n<p>Nos formules sont con\u00e7ues pour des s\u00e9jours d'un week-end ou d'une semaine. Pendant votre s\u00e9jour, vos proches et vous pouvez choisir un jardin que vous pourrez concevoir et am\u00e9nager avec l'aide de nos experts en jardinage. Nous vous guiderons dans le choix des plantes, leur disposition et leur entretien. Vous apprendrez \u00e9galement \u00e0 utiliser des outils num\u00e9riques pour concevoir votre jardin et planifier son am\u00e9nagement.<\/p>\n<p><\/p>\n<p><\/p>\n<p>Apr\u00e8s avoir plant\u00e9 vos graines, vous laisserez votre jardin entre nos mains expertes pour le reste de l'ann\u00e9e. Notre personnel vous tiendra au courant de sa croissance et de ses progr\u00e8s, afin que vous puissiez voir comment votre jardin s'\u00e9panouit. \u00c0 l'arriv\u00e9e du printemps, vous pourrez revenir au centre de vill\u00e9giature pour reprendre l'entretien de votre jardin, avec la satisfaction de savoir que vous poss\u00e9dez un petit coin de nature qui vous appartient.<\/p>\n<p><\/p>\n<p><\/p>\n<h2 class=\"wp-block-heading\">Des ateliers pour tous les \u00e2ges et tous les niveaux<\/h2>\n<p><\/p>\n<p><\/p>\n<p>Nos ateliers et s\u00e9minaires de jardinage sont adapt\u00e9s \u00e0 tous les \u00e2ges et \u00e0 tous les niveaux de comp\u00e9tence. Que vous soyez d\u00e9butant ou jardinier exp\u00e9riment\u00e9, vous trouverez votre bonheur. Vous pouvez profiter d'une exp\u00e9rience d'apprentissage pratique tout en vous rapprochant de votre famille ou de vos amis dans le magnifique cadre de notre Resort.<\/p>\n<p><\/p>\n<p><\/p>\n<p>Au Jardins Domaine Decelles, nous pensons que le jardinage est plus qu'un simple passe-temps, c'est un mode de vie. Nous vous invitons \u00e0 nous rejoindre dans ce voyage de d\u00e9couverte et d\u2019accomplissement, pour avoir la joie de cultiver votre propre jardin. R\u00e9servez votre s\u00e9jour chez nous d\u00e8s aujourd'hui et pr\u00e9parez-vous \u00e0 vous lancer dans une nouvelle aventure !<\/p>\n<p><\/p>\t\t\t\t\t\t\t\t<\/div>\n\t\t\t\t<\/div>\n\t\t\t\t\t<\/div>\n\t\t\t\t<\/div>\n\t\t\t\t<\/div>","protected":false},"excerpt":{"rendered":"<p>Jardins Domaine Decelles offers a unique and fulfilling experience for families and groups alike. Our resort is known for its beautiful scenery and we want to share our passion for gardening with you through our workshops and seminars. Choose from our different packages Our packages are designed for both weekend and week-long stays, so you can choose the duration that suits you best. During your stay you and your family\/group of friends can adopt a garden that will be yours to design and plan with the help of our gardening experts. We will guide you through the process of selecting&#8230; <\/p>","protected":false},"author":1,"featured_media":0,"parent":1429,"menu_order":0,"comment_status":"closed","ping_status":"closed","template":"template-parts\/page-template-no-sidebar.php","meta":{"_eb_attr":"","_monsterinsights_skip_tracking":false,"_monsterinsights_sitenote_active":false,"_monsterinsights_sitenote_note":"","_monsterinsights_sitenote_category":0,"_price":"","_stock":"","_tribe_ticket_header":"","_tribe_default_ticket_provider":"","_ticket_start_date":"","_ticket_end_date":"","_tribe_ticket_show_description":"","_tribe_ticket_show_not_going":false,"_tribe_ticket_use_global_stock":"","_tribe_ticket_global_stock_level":"","_global_stock_mode":"","_global_stock_cap":"","_tribe_rsvp_for_event":"","_tribe_ticket_going_count":"","_tribe_ticket_not_going_count":"","_tribe_tickets_list":"[]","_tribe_ticket_has_attendee_info_fields":false,"_EventAllDay":false,"_EventTimezone":"","_EventStartDate":"","_EventEndDate":"","_EventStartDateUTC":"","_EventEndDateUTC":"","_EventShowMap":false,"_EventShowMapLink":false,"_EventURL":"","_EventCost":"","_EventCostDescription":"","_EventCurrencySymbol":"","_EventCurrencyCode":"","_EventCurrencyPosition":"","_EventDateTimeSeparator":"","_EventTimeRangeSeparator":"","_EventOrganizerID":[],"_EventVenueID":[],"_OrganizerEmail":"","_OrganizerPhone":"","_OrganizerWebsite":"","_VenueAddress":"","_VenueCity":"","_VenueCountry":"","_VenueProvince":"","_VenueState":"","_VenueZip":"","_VenuePhone":"","_VenueURL":"","_VenueStateProvince":"","_VenueLat":"","_VenueLng":"","_VenueShowMap":false,"_VenueShowMapLink":false,"footnotes":"","_tec_slr_enabled":"","_tec_slr_layout":""},"class_list":["post-1492","page","type-page","status-publish","hentry"],"aioseo_notices":[],"ticketed":false,"_links":{"self":[{"href":"https:\/\/jardinsdomainedecelles.com\/fr\/wp-json\/wp\/v2\/pages\/1492","targetHints":{"allow":["GET"]}}],"collection":[{"href":"https:\/\/jardinsdomainedecelles.com\/fr\/wp-json\/wp\/v2\/pages"}],"about":[{"href":"https:\/\/jardinsdomainedecelles.com\/fr\/wp-json\/wp\/v2\/types\/page"}],"author":[{"embeddable":true,"href":"https:\/\/jardinsdomainedecelles.com\/fr\/wp-json\/wp\/v2\/users\/1"}],"replies":[{"embeddable":true,"href":"https:\/\/jardinsdomainedecelles.com\/fr\/wp-json\/wp\/v2\/comments?post=1492"}],"version-history":[{"count":12,"href":"https:\/\/jardinsdomainedecelles.com\/fr\/wp-json\/wp\/v2\/pages\/1492\/revisions"}],"predecessor-version":[{"id":3750,"href":"https:\/\/jardinsdomainedecelles.com\/fr\/wp-json\/wp\/v2\/pages\/1492\/revisions\/3750"}],"up":[{"embeddable":true,"href":"https:\/\/jardinsdomainedecelles.com\/fr\/wp-json\/wp\/v2\/pages\/1429"}],"wp:attachment":[{"href":"https:\/\/jardinsdomainedecelles.com\/fr\/wp-json\/wp\/v2\/media?parent=1492"}],"curies":[{"name":"wp","href":"https:\/\/api.w.org\/{rel}","templated":true}]}}