{"id":1490,"date":"2019-08-13T22:54:19","date_gmt":"2019-08-13T22:54:19","guid":{"rendered":"https:\/\/jardinsdomainedecelles.com\/garden\/?page_id=1490"},"modified":"2024-06-06T16:51:00","modified_gmt":"2024-06-06T20:51:00","slug":"short-courses","status":"publish","type":"page","link":"https:\/\/jardinsdomainedecelles.com\/fr\/learn\/short-courses\/","title":{"rendered":"Formations courtes"},"content":{"rendered":"<div data-elementor-type=\"wp-page\" data-elementor-id=\"1490\" class=\"elementor elementor-1490\">\n\t\t\t\t<div class=\"elementor-element elementor-element-552f76c8 e-flex e-con-boxed e-con e-parent\" data-id=\"552f76c8\" data-element_type=\"container\" data-e-type=\"container\">\n\t\t\t\t\t<div class=\"e-con-inner\">\n\t\t\t\t<div class=\"elementor-element elementor-element-26b1329e elementor-widget elementor-widget-text-editor\" data-id=\"26b1329e\" data-element_type=\"widget\" data-e-type=\"widget\" data-widget_type=\"text-editor.default\">\n\t\t\t\t<div class=\"elementor-widget-container\">\n\t\t\t\t\t\t\t\t\t<p><\/p>\n<div class=\"wp-block-cover has-parallax\" style=\"min-height: 231px;aspect-ratio:unset;\">\n<p>&nbsp;<\/p>\n<div class=\"wp-block-cover__image-background wp-image-1345 has-parallax\" style=\"background-position: 50% 50%; background-image: url('https:\/\/jardinsdomainedecelles.com\/wp-content\/uploads\/2023\/04\/blog02-edited.jpg');\" role=\"img\">\u00a0<\/div>\n<div class=\"wp-block-cover__inner-container is-layout-flow wp-block-cover-is-layout-flow\">\n<p><\/p>\n<p class=\"has-text-align-center has-large-font-size\">\u00a0<\/p>\n<p><\/p>\n<\/div>\n<\/div>\n<p><\/p>\n<p><\/p>\n<div class=\"wp-block-spacer\" style=\"height: 59px;\" aria-hidden=\"true\">\u00a0<\/div>\n<p><\/p>\n<p><\/p>\n<h2 class=\"wp-block-heading\">Partage de connaissances<\/h2>\n<p><\/p>\n<p><\/p>\n<p>Au sein de notre Resort, nous croyons qu'il est important de partager nos connaissances et notre passion pour le jardinage avec nos h\u00f4tes. C'est pourquoi nous proposons des cours \u00e0 ceux qui souhaitent organiser et concevoir leur propre jardin. Nos cours sont con\u00e7us pour fournir une vue d'ensemble des techniques de jardinage, du choix des plantes \u00e0 la compr\u00e9hension de la composition du sol et des techniques d'arrosage.<\/p>\n<p><\/p>\n<p><\/p>\n<h2 class=\"wp-block-heading\">Le bon endroit<\/h2>\n<p><\/p>\n<p><\/p>\n<p>Nos formateurs sont des jardiniers exp\u00e9riment\u00e9s qui vous guideront dans le processus de s\u00e9lection des plantes adapt\u00e9es \u00e0 votre jardin en fonction de crit\u00e8res esth\u00e9tiques et agronomiques. Vous apprendrez \u00e0 choisir des plantes qui se compl\u00e8tent, \u00e0 les organiser de mani\u00e8re attrayante et \u00e0 assurer leur sant\u00e9 et leur long\u00e9vit\u00e9.<\/p>\n<p><\/p>\n<p><\/p>\n<h2 class=\"wp-block-heading\">Et plus encore...<\/h2>\n<p><\/p>\n<p><\/p>\n<p>Nos cours couvrent un large \u00e9ventail de sujets, notamment comment cultiver vos propres l\u00e9gumes et herbes pour la cuisine, comment cr\u00e9er un jardin naturel et durable, et comment concevoir un jardin qui soit \u00e0 la fois beau et fonctionnel. Nos instructeurs vous donneront \u00e9galement des conseils et des astuces pour entretenir votre jardin au fil des saisons.<\/p>\n<p><\/p>\n<p><\/p>\n<div class=\"wp-block-buttons is-layout-flex wp-block-buttons-is-layout-flex\"><\/div>\n<p><\/p>\t\t\t\t\t\t\t\t<\/div>\n\t\t\t\t<\/div>\n\t\t\t\t\t<\/div>\n\t\t\t\t<\/div>\n\t\t\t\t<\/div>","protected":false},"excerpt":{"rendered":"<p>Sharing knowledge At our resort, we believe in sharing our knowledge and passion for gardening with our guests. That&#8217;s why we offer courses for those who are interested in organizing and designing their own garden. Our courses are designed to provide a comprehensive overview of gardening techniques, from choosing the right plants to understanding soil composition and watering techniques. The right place Our instructors are experienced gardeners who will guide you through the process of selecting the right plants for your garden based on aesthetic and agronomic criteria. You will learn how to choose plants that complement each other, how&#8230; <\/p>","protected":false},"author":1,"featured_media":0,"parent":1429,"menu_order":0,"comment_status":"closed","ping_status":"closed","template":"template-parts\/page-template-no-sidebar.php","meta":{"_eb_attr":"","_monsterinsights_skip_tracking":false,"_monsterinsights_sitenote_active":false,"_monsterinsights_sitenote_note":"","_monsterinsights_sitenote_category":0,"_price":"","_stock":"","_tribe_ticket_header":"","_tribe_default_ticket_provider":"","_ticket_start_date":"","_ticket_end_date":"","_tribe_ticket_show_description":"","_tribe_ticket_show_not_going":false,"_tribe_ticket_use_global_stock":"","_tribe_ticket_global_stock_level":"","_global_stock_mode":"","_global_stock_cap":"","_tribe_rsvp_for_event":"","_tribe_ticket_going_count":"","_tribe_ticket_not_going_count":"","_tribe_tickets_list":"[]","_tribe_ticket_has_attendee_info_fields":false,"_EventAllDay":false,"_EventTimezone":"","_EventStartDate":"","_EventEndDate":"","_EventStartDateUTC":"","_EventEndDateUTC":"","_EventShowMap":false,"_EventShowMapLink":false,"_EventURL":"","_EventCost":"","_EventCostDescription":"","_EventCurrencySymbol":"","_EventCurrencyCode":"","_EventCurrencyPosition":"","_EventDateTimeSeparator":"","_EventTimeRangeSeparator":"","_EventOrganizerID":[],"_EventVenueID":[],"_OrganizerEmail":"","_OrganizerPhone":"","_OrganizerWebsite":"","_VenueAddress":"","_VenueCity":"","_VenueCountry":"","_VenueProvince":"","_VenueState":"","_VenueZip":"","_VenuePhone":"","_VenueURL":"","_VenueStateProvince":"","_VenueLat":"","_VenueLng":"","_VenueShowMap":false,"_VenueShowMapLink":false,"footnotes":"","_tec_slr_enabled":"","_tec_slr_layout":""},"class_list":["post-1490","page","type-page","status-publish","hentry"],"aioseo_notices":[],"ticketed":false,"_links":{"self":[{"href":"https:\/\/jardinsdomainedecelles.com\/fr\/wp-json\/wp\/v2\/pages\/1490","targetHints":{"allow":["GET"]}}],"collection":[{"href":"https:\/\/jardinsdomainedecelles.com\/fr\/wp-json\/wp\/v2\/pages"}],"about":[{"href":"https:\/\/jardinsdomainedecelles.com\/fr\/wp-json\/wp\/v2\/types\/page"}],"author":[{"embeddable":true,"href":"https:\/\/jardinsdomainedecelles.com\/fr\/wp-json\/wp\/v2\/users\/1"}],"replies":[{"embeddable":true,"href":"https:\/\/jardinsdomainedecelles.com\/fr\/wp-json\/wp\/v2\/comments?post=1490"}],"version-history":[{"count":23,"href":"https:\/\/jardinsdomainedecelles.com\/fr\/wp-json\/wp\/v2\/pages\/1490\/revisions"}],"predecessor-version":[{"id":3683,"href":"https:\/\/jardinsdomainedecelles.com\/fr\/wp-json\/wp\/v2\/pages\/1490\/revisions\/3683"}],"up":[{"embeddable":true,"href":"https:\/\/jardinsdomainedecelles.com\/fr\/wp-json\/wp\/v2\/pages\/1429"}],"wp:attachment":[{"href":"https:\/\/jardinsdomainedecelles.com\/fr\/wp-json\/wp\/v2\/media?parent=1490"}],"curies":[{"name":"wp","href":"https:\/\/api.w.org\/{rel}","templated":true}]}}