{"id":1485,"date":"2019-08-13T22:48:53","date_gmt":"2019-08-13T22:48:53","guid":{"rendered":"https:\/\/jardinsdomainedecelles.com\/garden\/?page_id=1485"},"modified":"2024-06-06T16:51:24","modified_gmt":"2024-06-06T20:51:24","slug":"volunteering","status":"publish","type":"page","link":"https:\/\/jardinsdomainedecelles.com\/fr\/learn\/volunteering\/","title":{"rendered":"Volontariat"},"content":{"rendered":"<div data-elementor-type=\"wp-page\" data-elementor-id=\"1485\" class=\"elementor elementor-1485\">\n\t\t\t\t<div class=\"elementor-element elementor-element-44a4e692 e-flex e-con-boxed e-con e-parent\" data-id=\"44a4e692\" data-element_type=\"container\" data-e-type=\"container\">\n\t\t\t\t\t<div class=\"e-con-inner\">\n\t\t\t\t<div class=\"elementor-element elementor-element-4c58f833 elementor-widget elementor-widget-text-editor\" data-id=\"4c58f833\" data-element_type=\"widget\" data-e-type=\"widget\" data-widget_type=\"text-editor.default\">\n\t\t\t\t<div class=\"elementor-widget-container\">\n\t\t\t\t\t\t\t\t\t<p><\/p>\n<div class=\"wp-block-cover has-parallax\" style=\"min-height: 195px;aspect-ratio:unset;\">\n<div class=\"wp-block-cover__image-background wp-image-1524 has-parallax\" style=\"background-position: 50% 50%; background-image: url('https:\/\/jardinsdomainedecelles.com\/wp-content\/uploads\/2024\/03\/voluntaires.jpeg');\" role=\"img\">\u00a0<\/div>\n<div class=\"wp-block-cover__inner-container is-layout-flow wp-block-cover-is-layout-flow\">\n<p><\/p>\n<p class=\"has-text-align-center has-large-font-size\">\u00a0<\/p>\n<\/div>\n<\/div>\n<p><\/p>\n<p><\/p>\n<p>Gallery de photo en bas<\/p>\n<p><\/p>\n<p><\/p>\n<h2 class=\"wp-block-heading\">Comment aider<\/h2>\n<p><\/p>\n<p><\/p>\n<p>Notre Resort offre une opportunit\u00e9 unique aux b\u00e9n\u00e9voles qui souhaitent s'initier au jardinage et au d\u00e9veloppement durable. Nous accueillons des b\u00e9n\u00e9voles de tous horizons, passionn\u00e9s par l'environnement et d\u00e9sireux de contribuer \u00e0 notre mission de cr\u00e9ation d'un lieu de vie durable et respectueux de l'environnement.<\/p>\n<p><\/p>\n<p><\/p>\n<p>Nos b\u00e9n\u00e9voles travaillent 25 heures par semaine et participent \u00e0 diverses t\u00e2ches, notamment la plantation, le d\u00e9sherbage et l'arrosage des plantes, l'entretien des jardins et l'aide au fonctionnement de notre syst\u00e8me aquaponique. En \u00e9change de leur dur labeur, nous leur offrons un h\u00e9bergement gratuit.<\/p>\n<p><\/p>\n<p><\/p>\n<h2 class=\"wp-block-heading\">Comment apprendre<\/h2>\n<p><\/p>\n<p><\/p>\n<p>Notre programme de b\u00e9n\u00e9volat est con\u00e7u pour \u00eatre une exp\u00e9rience d'apprentissage et une occasion de rendre la pareille. Nos volontaires travailleront aux c\u00f4t\u00e9s de jardiniers exp\u00e9riment\u00e9s et d'experts en d\u00e9veloppement durable qui leur fourniront des conseils et une formation sur les techniques de jardinage et les pratiques respectueuses de l'environnement.<\/p>\n<p><\/p>\n<p><\/p>\n<p>Le b\u00e9n\u00e9volat est un excellent moyen d'acqu\u00e9rir une exp\u00e9rience pratique du jardinage tout en contribuant \u00e0 notre mission de cr\u00e9ation d'un monde plus durable. C'est \u00e9galement une excellente occasion de rencontrer des personnes du monde entier partageant les m\u00eames id\u00e9es et de d\u00e9couvrir l'atmosph\u00e8re unique de notre domaine.<\/p>\n<p><\/p>\n<p><\/p>\n<p>Si vous souhaitez faire du b\u00e9n\u00e9volat dans notre \u00e9tablissement, n'h\u00e9sitez pas \u00e0 nous contacter pour en savoir plus sur le programme et la proc\u00e9dure de candidature. Nous sommes impatients de vous accueillir et de travailler ensemble \u00e0 la cr\u00e9ation d'un avenir plus durable !<\/p>\n<p><\/p>\t\t\t\t\t\t\t\t<\/div>\n\t\t\t\t<\/div>\n\t\t\t\t\t<\/div>\n\t\t\t\t<\/div>\n\t\t\t\t<\/div>","protected":false},"excerpt":{"rendered":"","protected":false},"author":1,"featured_media":0,"parent":1429,"menu_order":0,"comment_status":"closed","ping_status":"closed","template":"template-parts\/page-template-no-sidebar.php","meta":{"_eb_attr":"","_monsterinsights_skip_tracking":false,"_monsterinsights_sitenote_active":false,"_monsterinsights_sitenote_note":"","_monsterinsights_sitenote_category":0,"_price":"","_stock":"","_tribe_ticket_header":"","_tribe_default_ticket_provider":"","_ticket_start_date":"","_ticket_end_date":"","_tribe_ticket_show_description":"","_tribe_ticket_show_not_going":false,"_tribe_ticket_use_global_stock":"","_tribe_ticket_global_stock_level":"","_global_stock_mode":"","_global_stock_cap":"","_tribe_rsvp_for_event":"","_tribe_ticket_going_count":"","_tribe_ticket_not_going_count":"","_tribe_tickets_list":"[]","_tribe_ticket_has_attendee_info_fields":false,"_EventAllDay":false,"_EventTimezone":"","_EventStartDate":"","_EventEndDate":"","_EventStartDateUTC":"","_EventEndDateUTC":"","_EventShowMap":false,"_EventShowMapLink":false,"_EventURL":"","_EventCost":"","_EventCostDescription":"","_EventCurrencySymbol":"","_EventCurrencyCode":"","_EventCurrencyPosition":"","_EventDateTimeSeparator":"","_EventTimeRangeSeparator":"","_EventOrganizerID":[],"_EventVenueID":[],"_OrganizerEmail":"","_OrganizerPhone":"","_OrganizerWebsite":"","_VenueAddress":"","_VenueCity":"","_VenueCountry":"","_VenueProvince":"","_VenueState":"","_VenueZip":"","_VenuePhone":"","_VenueURL":"","_VenueStateProvince":"","_VenueLat":"","_VenueLng":"","_VenueShowMap":false,"_VenueShowMapLink":false,"footnotes":"","_tec_slr_enabled":"","_tec_slr_layout":""},"class_list":["post-1485","page","type-page","status-publish","hentry"],"aioseo_notices":[],"ticketed":false,"_links":{"self":[{"href":"https:\/\/jardinsdomainedecelles.com\/fr\/wp-json\/wp\/v2\/pages\/1485","targetHints":{"allow":["GET"]}}],"collection":[{"href":"https:\/\/jardinsdomainedecelles.com\/fr\/wp-json\/wp\/v2\/pages"}],"about":[{"href":"https:\/\/jardinsdomainedecelles.com\/fr\/wp-json\/wp\/v2\/types\/page"}],"author":[{"embeddable":true,"href":"https:\/\/jardinsdomainedecelles.com\/fr\/wp-json\/wp\/v2\/users\/1"}],"replies":[{"embeddable":true,"href":"https:\/\/jardinsdomainedecelles.com\/fr\/wp-json\/wp\/v2\/comments?post=1485"}],"version-history":[{"count":15,"href":"https:\/\/jardinsdomainedecelles.com\/fr\/wp-json\/wp\/v2\/pages\/1485\/revisions"}],"predecessor-version":[{"id":3680,"href":"https:\/\/jardinsdomainedecelles.com\/fr\/wp-json\/wp\/v2\/pages\/1485\/revisions\/3680"}],"up":[{"embeddable":true,"href":"https:\/\/jardinsdomainedecelles.com\/fr\/wp-json\/wp\/v2\/pages\/1429"}],"wp:attachment":[{"href":"https:\/\/jardinsdomainedecelles.com\/fr\/wp-json\/wp\/v2\/media?parent=1485"}],"curies":[{"name":"wp","href":"https:\/\/api.w.org\/{rel}","templated":true}]}}