{"id":1476,"date":"2019-08-13T22:26:58","date_gmt":"2019-08-13T22:26:58","guid":{"rendered":"https:\/\/jardinsdomainedecelles.com\/garden\/?page_id=1476"},"modified":"2024-06-06T16:51:47","modified_gmt":"2024-06-06T20:51:47","slug":"yoga-and-meditation","status":"publish","type":"page","link":"https:\/\/jardinsdomainedecelles.com\/fr\/insight-into-a-real-gardening\/yoga-and-meditation\/","title":{"rendered":"Yoga et M\u00e9ditation"},"content":{"rendered":"<div data-elementor-type=\"wp-page\" data-elementor-id=\"1476\" class=\"elementor elementor-1476\">\n\t\t\t\t<div class=\"elementor-element elementor-element-5bae0110 e-flex e-con-boxed e-con e-parent\" data-id=\"5bae0110\" data-element_type=\"container\" data-e-type=\"container\">\n\t\t\t\t\t<div class=\"e-con-inner\">\n\t\t\t\t<div class=\"elementor-element elementor-element-a71b0d2 elementor-widget elementor-widget-image\" data-id=\"a71b0d2\" data-element_type=\"widget\" data-e-type=\"widget\" data-widget_type=\"image.default\">\n\t\t\t\t<div class=\"elementor-widget-container\">\n\t\t\t\t\t\t\t\t\t\t\t\t\t\t\t<img fetchpriority=\"high\" decoding=\"async\" width=\"626\" height=\"361\" src=\"https:\/\/jardinsdomainedecelles.com\/wp-content\/uploads\/2024\/03\/yoga.jpg\" class=\"attachment-medium_large size-medium_large wp-image-2539\" alt=\"yoga\" srcset=\"https:\/\/jardinsdomainedecelles.com\/wp-content\/uploads\/2024\/03\/yoga.jpg 626w, https:\/\/jardinsdomainedecelles.com\/wp-content\/uploads\/2024\/03\/yoga-300x173.jpg 300w\" sizes=\"(max-width: 626px) 100vw, 626px\" \/>\t\t\t\t\t\t\t\t\t\t\t\t\t\t\t<\/div>\n\t\t\t\t<\/div>\n\t\t\t\t<div class=\"elementor-element elementor-element-5ba0679b elementor-absolute elementor-widget elementor-widget-text-editor\" data-id=\"5ba0679b\" data-element_type=\"widget\" data-e-type=\"widget\" data-settings=\"{&quot;_position&quot;:&quot;absolute&quot;}\" data-widget_type=\"text-editor.default\">\n\t\t\t\t<div class=\"elementor-widget-container\">\n\t\t\t\t\t\t\t\t\t<p><\/p>\n<div class=\"wp-block-cover is-light\" style=\"min-height: 228px;aspect-ratio:unset;\">\n<div class=\"wp-block-cover__inner-container is-layout-flow wp-block-cover-is-layout-flow\"><\/div>\n<\/div>\n<p><\/p>\n<div class=\"wp-block-spacer\" style=\"height: 60px;\" aria-hidden=\"true\"><span style=\"color: #353535; font-family: 'Open Sans'; font-size: 28px; text-align: var(--text-align);\">Escapade relaxante<\/span><\/div>\n<p><\/p>\n<p>Vous \u00eates \u00e0 la recherche d'une escapade relaxante qui allie nature, bien-\u00eatre et apprentissage ? Ne cherchez pas plus loin, notre retraite de yoga et de m\u00e9ditation au Jardins Domaine Decelles est faite pour vous ! Situ\u00e9 sur les rives sereines d'un magnifique lac, notre Resort offre l'\u00e9vasion parfaite loin de l'agitation de la vie quotidienne.<\/p>\n<p><\/p>\n<p>Nos formules de fin de semaine comprennent un large \u00e9ventail d'activit\u00e9s con\u00e7ues pour vous aider \u00e0 vous d\u00e9tendre et \u00e0 vous reconnecter avec vous-m\u00eame et avec le monde naturel. Vous commencerez la journ\u00e9e par une pratique de yoga en douceur dirig\u00e9e par des instructeurs exp\u00e9riment\u00e9s, suivie d'une s\u00e9ance de m\u00e9ditation pour calmer votre esprit et vous recentrer.<\/p>\n<p><\/p>\n<h2 class=\"wp-block-heading\">Jardin et yoga<\/h2>\n<p><\/p>\n<p>Vous aurez \u00e9galement l'occasion de vous initier au jardinage biologique ! Notre Resort abrite un magnifique jardin rempli d'une vari\u00e9t\u00e9 d'herbes, de fleurs et de l\u00e9gumes. Pendant votre s\u00e9jour, vous aurez l'occasion de travailler avec notre personnel comp\u00e9tent, d'apprendre les avantages du jardinage et de d\u00e9couvrir comment cultiver votre propre nourriture dans le respect de l'environnement.<\/p>\n<p>Vous aurez tout le loisir de vous d\u00e9tendre et de profiter de la beaut\u00e9 naturelle de notre environnement. Promenez-vous autour du lac, baignez-vous ou restez tranquille et impr\u00e9gnez-vous de l'atmosph\u00e8re paisible.<\/p>\n<p><\/p>\n<p><\/p>\n<h2 class=\"wp-block-heading\">H\u00e9bergement confortable au Resort Lac Ste-Marie<\/h2>\n<p><\/p>\n<p>\u00c0 la fin de la journ\u00e9e, retirez-vous dans votre condo confortable. Vous vous r\u00e9veillerez frais et dispos, pr\u00eat \u00e0 relever tous les d\u00e9fis qui se pr\u00e9senteront \u00e0 vous.<\/p>\n<p><\/p>\n<p>Pourquoi attendre ? R\u00e9servez d\u00e8s aujourd'hui votre escapade d'un week-end dans notre centre de vill\u00e9giature et d\u00e9couvrez la combinaison du bien-\u00eatre, de la nature et de l'apprentissage !<\/p>\n<p><\/p>\n<div class=\"wp-block-buttons is-layout-flex wp-block-buttons-is-layout-flex\">\n<p><\/p>\n<div class=\"wp-block-button\"><a class=\"wp-block-button__link wp-element-button\">R\u00e9servez votre retraite de yoga et de m\u00e9diation !<\/a><\/div>\n<p><\/p>\n<\/div>\n<p><\/p>\t\t\t\t\t\t\t\t<\/div>\n\t\t\t\t<\/div>\n\t\t\t\t\t<\/div>\n\t\t\t\t<\/div>\n\t\t\t\t<\/div>","protected":false},"excerpt":{"rendered":"<p>Looking for a relaxing getaway that combines nature, wellness and learning? Look no further than our yoga and meditation retreat at Jardins Domaine Decelles! Located on the serene banks of a beautiful lake, our resort offers the perfect escape from the hustle and bustle of everyday life. Our weekend packages include a wide range of activities designed to help you unwind and reconnect with yourself and the natural world. You will start the day with a gentle yoga practice led by experienced instructors, followed by a meditation session to calm your mind and center your spirit. Garden alongside Yoga You&#8230; <\/p>","protected":false},"author":1,"featured_media":0,"parent":1445,"menu_order":2,"comment_status":"closed","ping_status":"closed","template":"template-parts\/page-template-no-sidebar.php","meta":{"_eb_attr":"","_monsterinsights_skip_tracking":false,"_monsterinsights_sitenote_active":false,"_monsterinsights_sitenote_note":"","_monsterinsights_sitenote_category":0,"_price":"","_stock":"","_tribe_ticket_header":"","_tribe_default_ticket_provider":"","_ticket_start_date":"","_ticket_end_date":"","_tribe_ticket_show_description":"","_tribe_ticket_show_not_going":false,"_tribe_ticket_use_global_stock":"","_tribe_ticket_global_stock_level":"","_global_stock_mode":"","_global_stock_cap":"","_tribe_rsvp_for_event":"","_tribe_ticket_going_count":"","_tribe_ticket_not_going_count":"","_tribe_tickets_list":"[]","_tribe_ticket_has_attendee_info_fields":false,"_EventAllDay":false,"_EventTimezone":"","_EventStartDate":"","_EventEndDate":"","_EventStartDateUTC":"","_EventEndDateUTC":"","_EventShowMap":false,"_EventShowMapLink":false,"_EventURL":"","_EventCost":"","_EventCostDescription":"","_EventCurrencySymbol":"","_EventCurrencyCode":"","_EventCurrencyPosition":"","_EventDateTimeSeparator":"","_EventTimeRangeSeparator":"","_EventOrganizerID":[],"_EventVenueID":[],"_OrganizerEmail":"","_OrganizerPhone":"","_OrganizerWebsite":"","_VenueAddress":"","_VenueCity":"","_VenueCountry":"","_VenueProvince":"","_VenueState":"","_VenueZip":"","_VenuePhone":"","_VenueURL":"","_VenueStateProvince":"","_VenueLat":"","_VenueLng":"","_VenueShowMap":false,"_VenueShowMapLink":false,"footnotes":"","_tec_slr_enabled":"","_tec_slr_layout":""},"class_list":["post-1476","page","type-page","status-publish","hentry"],"aioseo_notices":[],"ticketed":false,"_links":{"self":[{"href":"https:\/\/jardinsdomainedecelles.com\/fr\/wp-json\/wp\/v2\/pages\/1476","targetHints":{"allow":["GET"]}}],"collection":[{"href":"https:\/\/jardinsdomainedecelles.com\/fr\/wp-json\/wp\/v2\/pages"}],"about":[{"href":"https:\/\/jardinsdomainedecelles.com\/fr\/wp-json\/wp\/v2\/types\/page"}],"author":[{"embeddable":true,"href":"https:\/\/jardinsdomainedecelles.com\/fr\/wp-json\/wp\/v2\/users\/1"}],"replies":[{"embeddable":true,"href":"https:\/\/jardinsdomainedecelles.com\/fr\/wp-json\/wp\/v2\/comments?post=1476"}],"version-history":[{"count":50,"href":"https:\/\/jardinsdomainedecelles.com\/fr\/wp-json\/wp\/v2\/pages\/1476\/revisions"}],"predecessor-version":[{"id":3650,"href":"https:\/\/jardinsdomainedecelles.com\/fr\/wp-json\/wp\/v2\/pages\/1476\/revisions\/3650"}],"up":[{"embeddable":true,"href":"https:\/\/jardinsdomainedecelles.com\/fr\/wp-json\/wp\/v2\/pages\/1445"}],"wp:attachment":[{"href":"https:\/\/jardinsdomainedecelles.com\/fr\/wp-json\/wp\/v2\/media?parent=1476"}],"curies":[{"name":"wp","href":"https:\/\/api.w.org\/{rel}","templated":true}]}}