{"id":1421,"date":"2019-08-13T18:22:56","date_gmt":"2019-08-13T18:22:56","guid":{"rendered":"https:\/\/jardinsdomainedecelles.com\/garden\/?page_id=1421"},"modified":"2024-12-08T23:00:52","modified_gmt":"2024-12-09T04:00:52","slug":"welcome-to-jardins-domaine-decelles","status":"publish","type":"page","link":"https:\/\/jardinsdomainedecelles.com\/fr\/welcome-to-jardins-domaine-decelles\/","title":{"rendered":"Bienvenie au Jardins Domaine Decelles"},"content":{"rendered":"<div data-elementor-type=\"wp-page\" data-elementor-id=\"1421\" class=\"elementor elementor-1421\">\n\t\t\t\t<div class=\"elementor-element elementor-element-7170e0c2 e-flex e-con-boxed e-con e-parent\" data-id=\"7170e0c2\" data-element_type=\"container\" data-e-type=\"container\">\n\t\t\t\t\t<div class=\"e-con-inner\">\n\t\t\t\t<div class=\"elementor-element elementor-element-3725821 elementor-widget elementor-widget-image\" data-id=\"3725821\" data-element_type=\"widget\" data-e-type=\"widget\" data-widget_type=\"image.default\">\n\t\t\t\t<div class=\"elementor-widget-container\">\n\t\t\t\t\t\t\t\t\t\t\t\t\t\t\t<img fetchpriority=\"high\" decoding=\"async\" width=\"1024\" height=\"768\" src=\"https:\/\/jardinsdomainedecelles.com\/wp-content\/uploads\/2024\/03\/0-Oasis-East-20180808_121900_11zon-1024x768.jpg\" class=\"attachment-large size-large wp-image-2986\" alt=\"Oasis East\" srcset=\"\" sizes=\"(max-width: 1024px) 100vw, 1024px\" data-srcset=\"\" \/>\t\t\t\t\t\t\t\t\t\t\t\t\t\t\t<\/div>\n\t\t\t\t<\/div>\n\t\t\t\t<div class=\"elementor-element elementor-element-12c53aa9 elementor-widget elementor-widget-text-editor\" data-id=\"12c53aa9\" data-element_type=\"widget\" data-e-type=\"widget\" data-widget_type=\"text-editor.default\">\n\t\t\t\t<div class=\"elementor-widget-container\">\n\t\t\t\t\t\t\t\t\t<p>Parfaitement situ\u00e9 sur les rives tranquilles du lac Ste-Marie, <i>Jardins Domaine Decelles<\/i>\u00a0est une destination paisible loin de l'agitation de la vie quotidienne. A seulement 50 minutes de route d'Ottawa,\u00a0<i>Jardins Domaine Decelles<\/i>\u00a0est l'occasion id\u00e9ale de se lancer dans le jardinage et de renouer avec la nature en creusant la terre et en commen\u00e7ant \u00e0 planter. Gr\u00e2ce aux conseils de professionnels et \u00e0 des ateliers, vous pouvez participer \u00e0 des activit\u00e9s de jardinage pratiques et vous familiariser avec le jardinage durable. L'accent est mis sur l'\u00e9ducation, le renforcement de la communaut\u00e9 et le mode de vie durable,\u00a0<i>Jardins Domaine Decelles<\/i>\u00a0est une exp\u00e9rience enrichissante et satisfaisante pour tous les visiteurs !<\/p><p>De plus, vous pouvez profiter d'un h\u00e9bergement \u00e0 proximit\u00e9 dans le cadre de votre s\u00e9jour. Au Resort Lac Ste-Marie, nous pouvons accueillir jusqu'\u00e0 24 personnes et des lits suppl\u00e9mentaires sont disponibles dans les chalets situ\u00e9s \u00e0 proximit\u00e9. Notre Resort offre une vari\u00e9t\u00e9 d'activit\u00e9s diff\u00e9rentes ; faites un plongeon dans le lac \u00e0 partir de l'un de nos quais priv\u00e9s ou tapez la balle au golf Ste-Marie, situ\u00e9 \u00e0 proximit\u00e9. Vous pouvez faire du v\u00e9lo de montagne au Mont Ste-Marie et explorer les sentiers de randonn\u00e9e locaux, faire du bateau ou p\u00eacher, puis vous r\u00e9galer de la p\u00eache du jour pour le d\u00eener, agr\u00e9ment\u00e9e de produits biologiques frais provenant de nos jardins.<\/p>\t\t\t\t\t\t\t\t<\/div>\n\t\t\t\t<\/div>\n\t\t\t\t<div class=\"elementor-element elementor-element-5eb418a elementor-widget elementor-widget-shortcode\" data-id=\"5eb418a\" data-element_type=\"widget\" data-e-type=\"widget\" data-widget_type=\"shortcode.default\">\n\t\t\t\t<div class=\"elementor-widget-container\">\n\t\t\t\t\t\t\t<div class=\"elementor-shortcode\"><h3 class=\"content_title\" style=\"text-align:center;\">Du pixel aux plantes<\/h3>\n<div class=\"one_half\"><div class=\"gardening-imagebox\"><img decoding=\"async\" src=\"https:\/\/jardinsdomainedecelles.com\/wp-content\/uploads\/2023\/04\/Yin-and-Yan-1.jpg\"><\/div>\n\r\n\t\t\t<div class=\"videobox\">\r\n\t\t\t     <img decoding=\"async\" src=\"https:\/\/jardinsdomainedecelles.com\/wp-content\/uploads\/2023\/04\/Zen-Garden.jpg\"  alt=\"\" \/>\r\n\t\t\t     <a href=\"\" class=\"youtube-link\" youtubeid=\"MwFSIxyLr-g\"><div class=\"playbtn\"><\/div><\/a>\t\t\t\t\t\t\r\n\t\t\t<\/div><\/div><span data-mce-type=\"bookmark\" style=\"display: inline-block; width: 0px; overflow: hidden; line-height: 0;\" class=\"mce_SELRES_start\"><\/span><div class=\"one_half last_column\">\n<h3 class=\"content_title\">L'art de l'am\u00e9nagement num\u00e9rique des jardins !<\/h3>\nTry our short course \u201cFrom Pixel to Plants: the art of digital garden planing\u201d: we show you the modern way to plan your garden digital and way more vivid!\n\n\r\n\t\t\t<div class=\"gardening_services\">\t\t\t\t\r\n\t\t\t\t\t<i class=\"fas fa-check\"><\/i> \t\t\t\t\t\r\n\t\t\t\t\t<h6>Book your seat<\/h6>\r\n\t\t\t\t\t<p> Book now to attend our digital course. Then you'll be ready to plan your own garden.<\/p>\t\t\t\t\t\t\r\n\t\t\t<\/div>\r\n\t\t\t<div class=\"gardening_services\">\t\t\t\t\r\n\t\t\t\t\t<i class=\"fas fa-truck-pickup\"><\/i> \t\t\t\t\t\r\n\t\t\t\t\t<h6>Modern planning<\/h6>\r\n\t\t\t\t\t<p>A way to work upstream your futur garden with all information necessery to succeed.<\/p>\t\t\t\t\t\t\r\n\t\t\t<\/div>\r\n\t\t\t<div class=\"gardening_services\">\t\t\t\t\r\n\t\t\t\t\t<i class=\"fas fa-users\"><\/i> \t\t\t\t\t\r\n\t\t\t\t\t<h6>Group courses<\/h6>\r\n\t\t\t\t\t<p>Small group are formed in order to learn in good mood.<\/p>\t\t\t\t\t\t\r\n\t\t\t<\/div>\n<\/div><span data-mce-type=\"bookmark\" style=\"display: inline-block; width: 0px; overflow: hidden; line-height: 0;\" class=\"mce_SELRES_end\"><\/span>\n\n<div class=\"custombtn\" style=\"text-align:center\">\t\r\n\t   <a class=\"button\" href=\"https:\/\/jardinsdomainedecelles.com\/fr\/from-pixel-to-plants\/\" target=\"\">More details<\/a>\t   \t   \r\n\t<\/div><\/div>\n\t\t\t\t\t\t<\/div>\n\t\t\t\t<\/div>\n\t\t\t\t\t<\/div>\n\t\t\t\t<\/div>\n\t\t\t\t<\/div>","protected":false},"excerpt":{"rendered":"<p>Perfectly located on the still shores of Lac Ste-Marie, Jardins Domaine Decelles\u00a0is a peaceful destination away from the bustle of daily life. Only a 50-minute drive from Ottawa,\u00a0Jardins Domaine Decelles\u00a0provides the perfect opportunity to get into gardening and reconnect with nature by digging in the dirt and starting your own planting journey. With professional guidance and workshops you can participate in hands-on gardening activities and learn about sustainable gardening. With a focus on education, community building and sustainable living,\u00a0Jardins Domaine Decelles\u00a0is an enriching and fulfilling experience for all visitors! In addition, you can enjoy a nearby accommodation as part of&#8230; <\/p>","protected":false},"author":1,"featured_media":0,"parent":0,"menu_order":0,"comment_status":"closed","ping_status":"closed","template":"template-parts\/page-template-no-sidebar.php","meta":{"_eb_attr":"","_monsterinsights_skip_tracking":false,"_monsterinsights_sitenote_active":false,"_monsterinsights_sitenote_note":"","_monsterinsights_sitenote_category":0,"_price":"","_stock":"","_tribe_ticket_header":"","_tribe_default_ticket_provider":"","_ticket_start_date":"","_ticket_end_date":"","_tribe_ticket_show_description":"","_tribe_ticket_show_not_going":false,"_tribe_ticket_use_global_stock":"","_tribe_ticket_global_stock_level":"","_global_stock_mode":"","_global_stock_cap":"","_tribe_rsvp_for_event":"","_tribe_ticket_going_count":"","_tribe_ticket_not_going_count":"","_tribe_tickets_list":"[]","_tribe_ticket_has_attendee_info_fields":false,"_EventAllDay":false,"_EventTimezone":"","_EventStartDate":"","_EventEndDate":"","_EventStartDateUTC":"","_EventEndDateUTC":"","_EventShowMap":false,"_EventShowMapLink":false,"_EventURL":"","_EventCost":"","_EventCostDescription":"","_EventCurrencySymbol":"","_EventCurrencyCode":"","_EventCurrencyPosition":"","_EventDateTimeSeparator":"","_EventTimeRangeSeparator":"","_EventOrganizerID":[],"_EventVenueID":[],"_OrganizerEmail":"","_OrganizerPhone":"","_OrganizerWebsite":"","_VenueAddress":"","_VenueCity":"","_VenueCountry":"","_VenueProvince":"","_VenueState":"","_VenueZip":"","_VenuePhone":"","_VenueURL":"","_VenueStateProvince":"","_VenueLat":"","_VenueLng":"","_VenueShowMap":false,"_VenueShowMapLink":false,"footnotes":"","_tec_slr_enabled":"","_tec_slr_layout":""},"class_list":["post-1421","page","type-page","status-publish","hentry"],"aioseo_notices":[],"ticketed":false,"_links":{"self":[{"href":"https:\/\/jardinsdomainedecelles.com\/fr\/wp-json\/wp\/v2\/pages\/1421","targetHints":{"allow":["GET"]}}],"collection":[{"href":"https:\/\/jardinsdomainedecelles.com\/fr\/wp-json\/wp\/v2\/pages"}],"about":[{"href":"https:\/\/jardinsdomainedecelles.com\/fr\/wp-json\/wp\/v2\/types\/page"}],"author":[{"embeddable":true,"href":"https:\/\/jardinsdomainedecelles.com\/fr\/wp-json\/wp\/v2\/users\/1"}],"replies":[{"embeddable":true,"href":"https:\/\/jardinsdomainedecelles.com\/fr\/wp-json\/wp\/v2\/comments?post=1421"}],"version-history":[{"count":101,"href":"https:\/\/jardinsdomainedecelles.com\/fr\/wp-json\/wp\/v2\/pages\/1421\/revisions"}],"predecessor-version":[{"id":3822,"href":"https:\/\/jardinsdomainedecelles.com\/fr\/wp-json\/wp\/v2\/pages\/1421\/revisions\/3822"}],"wp:attachment":[{"href":"https:\/\/jardinsdomainedecelles.com\/fr\/wp-json\/wp\/v2\/media?parent=1421"}],"curies":[{"name":"wp","href":"https:\/\/api.w.org\/{rel}","templated":true}]}}