{"id":1292,"date":"2019-02-19T09:50:56","date_gmt":"2019-02-19T09:50:56","guid":{"rendered":"http:\/\/localhost\/www\/mythemes\/Agriculture\/shop\/"},"modified":"2024-06-06T16:09:49","modified_gmt":"2024-06-06T20:09:49","slug":"activities","status":"publish","type":"page","link":"https:\/\/jardinsdomainedecelles.com\/fr\/activities\/","title":{"rendered":"Activit\u00e9s"},"content":{"rendered":"<div data-elementor-type=\"wp-page\" data-elementor-id=\"1292\" class=\"elementor elementor-1292\">\n\t\t\t\t<div class=\"elementor-element elementor-element-3afefff7 e-flex e-con-boxed e-con e-parent\" data-id=\"3afefff7\" data-element_type=\"container\" data-e-type=\"container\">\n\t\t\t\t\t<div class=\"e-con-inner\">\n\t\t\t\t<div class=\"elementor-element elementor-element-68ae27ef elementor-widget elementor-widget-text-editor\" data-id=\"68ae27ef\" data-element_type=\"widget\" data-e-type=\"widget\" data-widget_type=\"text-editor.default\">\n\t\t\t\t<div class=\"elementor-widget-container\">\n\t\t\t\t\t\t\t\t\t<p><\/p>\n<p class=\"has-text-align-center\" style=\"text-align: center;\"><strong><i>Jardins Domaine Decelles<\/i> vous invite \u00e0 vous immerger dans toutes les merveilleuses exp\u00e9riences que nous avons \u00e0 offrir. D\u00e9couvrez-en plus dans nos 3 chapitres :<\/strong><span style=\"color: var( --e-global-color-text ); font-family: var( --e-global-typography-text-font-family ), Sans-serif; font-size: 16px; font-weight: var( --e-global-typography-text-font-weight ); text-align: var(--text-align);\">\u00a0<\/span><\/p>\n<p><\/p>\n<p><\/p>\n<div class=\"wp-block-media-text alignwide is-stacked-on-mobile is-image-fill\">\n<figure class=\"wp-block-media-text__media\" style=\"background-image: url('https:\/\/jardinsdomainedecelles.com\/wp-content\/uploads\/2021\/03\/File_000-768x1024.jpeg'); background-position: 50% 50%;\"><img fetchpriority=\"high\" decoding=\"async\" width=\"768\" height=\"1024\" class=\"wp-image-1568 size-full\" src=\"https:\/\/jardinsdomainedecelles.com\/wp-content\/uploads\/2021\/03\/File_000-768x1024.jpeg\" alt=\"Garden #21 Vegetables - Fall\" srcset=\"https:\/\/jardinsdomainedecelles.com\/wp-content\/uploads\/2021\/03\/File_000-768x1024.jpeg 768w, https:\/\/jardinsdomainedecelles.com\/wp-content\/uploads\/2021\/03\/File_000-225x300.jpeg 225w, https:\/\/jardinsdomainedecelles.com\/wp-content\/uploads\/2021\/03\/File_000-1152x1536.jpeg 1152w, https:\/\/jardinsdomainedecelles.com\/wp-content\/uploads\/2021\/03\/File_000-1536x2048.jpeg 1536w, https:\/\/jardinsdomainedecelles.com\/wp-content\/uploads\/2021\/03\/File_000-scaled.jpeg 1920w\" sizes=\"(max-width: 768px) 100vw, 768px\" \/><\/figure>\n<div class=\"wp-block-media-text__content\">\n<p><\/p>\n<p class=\"has-vivid-green-cyan-color has-text-color has-large-font-size\"><a title=\"\" href=\"https:\/\/jardinsdomainedecelles.com\/fr\/visit\/\">Visiter<\/a><\/p>\n<p><\/p>\n<p><\/p>\n<p style=\"text-align: left;\">Parfaitement situ\u00e9 sur les rives du lac Ste-Marie, J<i>ardins Domaine Decelles<\/i> est l'endroit id\u00e9al pour \u00e9chapper \u00e0 l'agitation de la vie quotidienne.\u00a0<\/p>\n<p style=\"text-align: left;\">L'occasion de vivre un s\u00e9jour apaisant et relaxant, de se promener dans les 47 jardins et de s'immerger dans la nature !<\/p>\n<p><\/p>\n<p><\/p>\n<div class=\"wp-block-buttons is-layout-flex wp-block-buttons-is-layout-flex\">\n<p><\/p>\n<div class=\"wp-block-button\"><a class=\"wp-block-button__link wp-element-button\" href=\"https:\/\/jardinsdomainedecelles.com\/fr\/visit\/\">Visiter<\/a><\/div>\n<p><\/p>\n<\/div>\n<p><\/p>\n<\/div>\n<\/div>\n<p><\/p>\n<p><\/p>\n<div class=\"wp-block-spacer\" style=\"height: 60px;\" aria-hidden=\"true\">\u00a0<\/div>\n<p><\/p>\n<p><\/p>\n<div class=\"wp-block-media-text alignwide has-media-on-the-right is-stacked-on-mobile is-image-fill\">\n<div class=\"wp-block-media-text__content\">\n<p><\/p>\n<p class=\"has-vivid-green-cyan-color has-text-color has-large-font-size\"><a title=\"\" href=\"https:\/\/jardinsdomainedecelles.com\/fr\/Learn\/\">Apprendre<\/a><\/p>\n<p><\/p>\n<p><\/p>\n<p><em>Jardins Domaine Decelles<\/em> veut vous aider \u00e0 cultiver votre passion pour le jardinage tout en vous apprenant \u00e0 avoir un impact positif sur l'environnement.<\/p>\n<p><\/p>\n<p><\/p>\n<div class=\"wp-block-buttons is-layout-flex wp-block-buttons-is-layout-flex\">\n<p><\/p>\n<div class=\"wp-block-button\"><a class=\"wp-block-button__link wp-element-button\" href=\"https:\/\/jardinsdomainedecelles.com\/fr\/learn\/\">Apprendre<\/a><\/div>\n<p><\/p>\n<\/div>\n<p><\/p>\n<p><\/p>\n<p><\/p>\n<\/div>\n<figure class=\"wp-block-media-text__media\" style=\"background-image: url('https:\/\/jardinsdomainedecelles.com\/wp-content\/uploads\/2019\/08\/slider_main-1024x476.jpg'); background-position: 50% 50%;\"><img decoding=\"async\" width=\"1024\" height=\"476\" class=\"wp-image-1411 size-full\" src=\"https:\/\/jardinsdomainedecelles.com\/wp-content\/uploads\/2019\/08\/slider_main-1024x476.jpg\" alt=\"\" srcset=\"https:\/\/jardinsdomainedecelles.com\/wp-content\/uploads\/2019\/08\/slider_main-1024x476.jpg 1024w, https:\/\/jardinsdomainedecelles.com\/wp-content\/uploads\/2019\/08\/slider_main-300x139.jpg 300w, https:\/\/jardinsdomainedecelles.com\/wp-content\/uploads\/2019\/08\/slider_main-768x357.jpg 768w, https:\/\/jardinsdomainedecelles.com\/wp-content\/uploads\/2019\/08\/slider_main.jpg 1300w\" sizes=\"(max-width: 1024px) 100vw, 1024px\" \/><\/figure>\n<\/div>\n<p><\/p>\n<p><\/p>\n<div class=\"wp-block-spacer\" style=\"height: 60px;\" aria-hidden=\"true\">\u00a0<\/div>\n<p><\/p>\n<p><\/p>\n<div class=\"wp-block-media-text alignwide is-stacked-on-mobile is-image-fill\">\n<figure class=\"wp-block-media-text__media\" style=\"background-image: url('https:\/\/jardinsdomainedecelles.com\/wp-content\/uploads\/2023\/04\/MG_2876-1024x683.jpg'); background-position: 50% 50%;\"><img decoding=\"async\" width=\"1024\" height=\"683\" class=\"wp-image-1861 size-full\" src=\"https:\/\/jardinsdomainedecelles.com\/wp-content\/uploads\/2023\/04\/MG_2876-1024x683.jpg\" alt=\"\" srcset=\"https:\/\/jardinsdomainedecelles.com\/wp-content\/uploads\/2023\/04\/MG_2876-1024x683.jpg 1024w, https:\/\/jardinsdomainedecelles.com\/wp-content\/uploads\/2023\/04\/MG_2876-300x200.jpg 300w, https:\/\/jardinsdomainedecelles.com\/wp-content\/uploads\/2023\/04\/MG_2876-768x512.jpg 768w, https:\/\/jardinsdomainedecelles.com\/wp-content\/uploads\/2023\/04\/MG_2876.jpg 1080w\" sizes=\"(max-width: 1024px) 100vw, 1024px\" \/><\/figure>\n<div class=\"wp-block-media-text__content\">\n<p><\/p>\n<p class=\"has-vivid-green-cyan-color has-text-color has-large-font-size\"><a title=\"Ressentir\" href=\"https:\/\/jardinsdomainedecelles.com\/fr\/insight-into-a-real-gardening\/\">Ressentir<\/a><\/p>\n<p><\/p>\n<p><\/p>\n<p>Se reconnecter \u00e0 la nature, c'est se reconnecter \u00e0 soi-m\u00eame : aux <em>Jardins Domaine Decelles<\/em> nous avons cr\u00e9\u00e9 une oasis pour le corps, l'\u00e2me et l'esprit.<\/p>\n<p>D\u00e9couvrez les possibilit\u00e9s qu'offre le jardinage !<\/p>\n<p><\/p>\n<p><\/p>\n<div class=\"wp-block-buttons is-layout-flex wp-block-buttons-is-layout-flex\">\n<p><\/p>\n<div class=\"wp-block-button\"><a class=\"wp-block-button__link wp-element-button\" href=\"https:\/\/jardinsdomainedecelles.com\/fr\/insight-into-a-real-gardening\/\">Ressentir<\/a><\/div>\n<p><\/p>\n<\/div>\n<p><\/p>\n<\/div>\n<\/div>\n<p><\/p>\n<p><\/p>\n<p><\/p>\t\t\t\t\t\t\t\t<\/div>\n\t\t\t\t<\/div>\n\t\t\t\t\t<\/div>\n\t\t\t\t<\/div>\n\t\t\t\t<\/div>","protected":false},"excerpt":{"rendered":"<p>Jardins Domaine Decelles invites you to immerse yourself in all the wonderful experiences that we have to offer. Discover more in our 3 chapters:\u00a0<\/p>","protected":false},"author":1,"featured_media":0,"parent":0,"menu_order":0,"comment_status":"closed","ping_status":"closed","template":"template-parts\/page-template-no-sidebar.php","meta":{"_eb_attr":"","_monsterinsights_skip_tracking":false,"_monsterinsights_sitenote_active":false,"_monsterinsights_sitenote_note":"","_monsterinsights_sitenote_category":0,"_price":"","_stock":"","_tribe_ticket_header":"","_tribe_default_ticket_provider":"","_ticket_start_date":"","_ticket_end_date":"","_tribe_ticket_show_description":"","_tribe_ticket_show_not_going":false,"_tribe_ticket_use_global_stock":"","_tribe_ticket_global_stock_level":"","_global_stock_mode":"","_global_stock_cap":"","_tribe_rsvp_for_event":"","_tribe_ticket_going_count":"","_tribe_ticket_not_going_count":"","_tribe_tickets_list":"[]","_tribe_ticket_has_attendee_info_fields":false,"_EventAllDay":false,"_EventTimezone":"","_EventStartDate":"","_EventEndDate":"","_EventStartDateUTC":"","_EventEndDateUTC":"","_EventShowMap":false,"_EventShowMapLink":false,"_EventURL":"","_EventCost":"","_EventCostDescription":"","_EventCurrencySymbol":"","_EventCurrencyCode":"","_EventCurrencyPosition":"","_EventDateTimeSeparator":"","_EventTimeRangeSeparator":"","_EventOrganizerID":[],"_EventVenueID":[],"_OrganizerEmail":"","_OrganizerPhone":"","_OrganizerWebsite":"","_VenueAddress":"","_VenueCity":"","_VenueCountry":"","_VenueProvince":"","_VenueState":"","_VenueZip":"","_VenuePhone":"","_VenueURL":"","_VenueStateProvince":"","_VenueLat":"","_VenueLng":"","_VenueShowMap":false,"_VenueShowMapLink":false,"footnotes":"","_tec_slr_enabled":"","_tec_slr_layout":""},"class_list":["post-1292","page","type-page","status-publish","hentry"],"aioseo_notices":[],"ticketed":false,"_links":{"self":[{"href":"https:\/\/jardinsdomainedecelles.com\/fr\/wp-json\/wp\/v2\/pages\/1292","targetHints":{"allow":["GET"]}}],"collection":[{"href":"https:\/\/jardinsdomainedecelles.com\/fr\/wp-json\/wp\/v2\/pages"}],"about":[{"href":"https:\/\/jardinsdomainedecelles.com\/fr\/wp-json\/wp\/v2\/types\/page"}],"author":[{"embeddable":true,"href":"https:\/\/jardinsdomainedecelles.com\/fr\/wp-json\/wp\/v2\/users\/1"}],"replies":[{"embeddable":true,"href":"https:\/\/jardinsdomainedecelles.com\/fr\/wp-json\/wp\/v2\/comments?post=1292"}],"version-history":[{"count":43,"href":"https:\/\/jardinsdomainedecelles.com\/fr\/wp-json\/wp\/v2\/pages\/1292\/revisions"}],"predecessor-version":[{"id":3610,"href":"https:\/\/jardinsdomainedecelles.com\/fr\/wp-json\/wp\/v2\/pages\/1292\/revisions\/3610"}],"wp:attachment":[{"href":"https:\/\/jardinsdomainedecelles.com\/fr\/wp-json\/wp\/v2\/media?parent=1292"}],"curies":[{"name":"wp","href":"https:\/\/api.w.org\/{rel}","templated":true}]}}